{"id":75,"date":"2024-02-22T21:09:26","date_gmt":"2024-02-22T20:09:26","guid":{"rendered":"https:\/\/aosforex.com\/?page_id=75"},"modified":"2025-09-07T17:55:19","modified_gmt":"2025-09-07T15:55:19","slug":"home","status":"publish","type":"page","link":"https:\/\/www.aosforex.com\/","title":{"rendered":"Home"},"content":{"rendered":"\t\t<div data-elementor-type=\"wp-page\" data-elementor-id=\"75\" class=\"elementor elementor-75\">\n\t\t\t\t<div class=\"elementor-element elementor-element-0351a12 e-flex e-con-boxed e-con e-parent\" data-id=\"0351a12\" data-element_type=\"container\" data-e-type=\"container\">\n\t\t\t\t\t<div class=\"e-con-inner\">\n\t\t\t\t<div class=\"elementor-element elementor-element-020b7d9 elementor-widget elementor-widget-heading\" data-id=\"020b7d9\" data-element_type=\"widget\" data-e-type=\"widget\" data-widget_type=\"heading.default\">\n\t\t\t\t<div class=\"elementor-widget-container\">\n\t\t\t\t\t<h2 class=\"elementor-heading-title elementor-size-default\">O obchodovan\u00ed na Forexe<\/h2>\t\t\t\t<\/div>\n\t\t\t\t<\/div>\n\t\t\t\t<div class=\"elementor-element elementor-element-29cf787 elementor-widget__width-initial elementor-widget elementor-widget-text-editor\" data-id=\"29cf787\" data-element_type=\"widget\" data-e-type=\"widget\" data-widget_type=\"text-editor.default\">\n\t\t\t\t<div class=\"elementor-widget-container\">\n\t\t\t\t\t\t\t\t\t<p>Dosahujeme stabiln\u00e9ho zhodnotenia kapit\u00e1lu v\u00fdrazne nad \u00farove\u0148 infl\u00e1cie a ako d\u00f4kaz tu zverej\u0148ujeme na\u0161e re\u00e1lne&nbsp;<a href=\"https:\/\/aosforex.com\/?page_id=7\" rel=\"noopener\">v\u00fdsledky<\/a>. Radi sa s&nbsp;vami podel\u00edme o&nbsp;na\u0161e&nbsp;<a href=\"https:\/\/aosforex.com\/?page_id=887\" rel=\"noopener\">znalosti<\/a>&nbsp;a&nbsp;dlhodob\u00e9 sk\u00fasenosti. Nejedn\u00e1 sa ale o&nbsp;\u017eiadne investi\u010dn\u00e9 rady. Uk\u00e1\u017eeme v\u00e1m, ako obchodujeme na menov\u00fdch p\u00e1roch met\u00f3dou&nbsp;<a href=\"https:\/\/aosforex.com\/?p=1695\">Price Action<\/a> (PA) pomocou vlastn\u00fdch programov pre podporu ru\u010dn\u00e9ho obchodovania, ale taktie\u017e programov pre plne automatick\u00fd trading naz\u00fdvan\u00fd tie\u017e ako automatick\u00fd obchodn\u00fd syst\u00e9m (AOS), Expert Advisor (EA), robot, automat a&nbsp;pod. Burza je ve\u013emi zauj\u00edmav\u00fd a&nbsp;slobodn\u00fd zdroj ziskov pre schopn\u00fdch \u013eud\u00ed a&nbsp;preto je to v\u00fdzva mo\u017eno pr\u00e1ve pre v\u00e1s. Te\u0161\u00edme sa na na\u0161ich nov\u00fdch kolegov.<\/p>\t\t\t\t\t\t\t\t<\/div>\n\t\t\t\t<\/div>\n\t\t\t\t<div class=\"elementor-element elementor-element-18932f5 elementor-widget elementor-widget-heading\" data-id=\"18932f5\" data-element_type=\"widget\" data-e-type=\"widget\" data-widget_type=\"heading.default\">\n\t\t\t\t<div class=\"elementor-widget-container\">\n\t\t\t\t\t<h2 class=\"elementor-heading-title elementor-size-default\">V\u00edtajte na na\u0161ich str\u00e1nkach!<\/h2>\t\t\t\t<\/div>\n\t\t\t\t<\/div>\n\t\t\t\t\t<\/div>\n\t\t\t\t<\/div>\n\t\t<div class=\"elementor-element elementor-element-00ed73a e-flex e-con-boxed e-con e-parent\" data-id=\"00ed73a\" data-element_type=\"container\" data-e-type=\"container\">\n\t\t\t\t\t<div class=\"e-con-inner\">\n\t\t\t\t<div class=\"elementor-element elementor-element-ee18a77 elementor-widget-divider--view-line elementor-widget elementor-widget-divider\" data-id=\"ee18a77\" data-element_type=\"widget\" data-e-type=\"widget\" data-widget_type=\"divider.default\">\n\t\t\t\t<div class=\"elementor-widget-container\">\n\t\t\t\t\t\t\t<div class=\"elementor-divider\">\n\t\t\t<span class=\"elementor-divider-separator\">\n\t\t\t\t\t\t<\/span>\n\t\t<\/div>\n\t\t\t\t\t\t<\/div>\n\t\t\t\t<\/div>\n\t\t\t\t\t<\/div>\n\t\t\t\t<\/div>\n\t\t<div class=\"elementor-element elementor-element-98b01d1 e-flex e-con-boxed e-con e-parent\" data-id=\"98b01d1\" data-element_type=\"container\" data-e-type=\"container\">\n\t\t\t\t\t<div class=\"e-con-inner\">\n\t\t\t\t<div class=\"elementor-element elementor-element-6c7d513 elementor-widget elementor-widget-heading\" data-id=\"6c7d513\" data-element_type=\"widget\" data-e-type=\"widget\" data-widget_type=\"heading.default\">\n\t\t\t\t<div class=\"elementor-widget-container\">\n\t\t\t\t\t<h2 class=\"elementor-heading-title elementor-size-default\">Kto sme?<\/h2>\t\t\t\t<\/div>\n\t\t\t\t<\/div>\n\t\t\t\t\t<\/div>\n\t\t\t\t<\/div>\n\t\t<div class=\"elementor-element elementor-element-3cb43fa e-grid e-con-boxed e-con e-parent\" data-id=\"3cb43fa\" data-element_type=\"container\" data-e-type=\"container\">\n\t\t\t\t\t<div class=\"e-con-inner\">\n\t\t<div class=\"elementor-element elementor-element-0f96c97 e-flex e-con-boxed e-con e-child\" data-id=\"0f96c97\" data-element_type=\"container\" data-e-type=\"container\">\n\t\t\t\t\t<div class=\"e-con-inner\">\n\t\t\t\t<div class=\"elementor-element elementor-element-535098c elementor-widget elementor-widget-image\" data-id=\"535098c\" data-element_type=\"widget\" data-e-type=\"widget\" data-widget_type=\"image.default\">\n\t\t\t\t<div class=\"elementor-widget-container\">\n\t\t\t\t\t\t\t\t\t\t\t\t\t\t\t\t<a href=\"https:\/\/www.aosforex.com\/?page_id=2740\" target=\"_blank\">\n\t\t\t\t\t\t\t<img fetchpriority=\"high\" decoding=\"async\" width=\"337\" height=\"450\" src=\"https:\/\/www.aosforex.com\/wp-content\/uploads\/2024\/03\/Brano_uvod.jpg\" class=\"attachment-large size-large wp-image-849\" alt=\"\" srcset=\"https:\/\/www.aosforex.com\/wp-content\/uploads\/2024\/03\/Brano_uvod.jpg 337w, https:\/\/www.aosforex.com\/wp-content\/uploads\/2024\/03\/Brano_uvod-225x300.jpg 225w\" sizes=\"(max-width: 337px) 100vw, 337px\" \/>\t\t\t\t\t\t\t\t<\/a>\n\t\t\t\t\t\t\t\t\t\t\t\t\t\t\t<\/div>\n\t\t\t\t<\/div>\n\t\t\t\t<div class=\"elementor-element elementor-element-1e15181 elementor-widget elementor-widget-heading\" data-id=\"1e15181\" data-element_type=\"widget\" data-e-type=\"widget\" data-widget_type=\"heading.default\">\n\t\t\t\t<div class=\"elementor-widget-container\">\n\t\t\t\t\t<h3 class=\"elementor-heading-title elementor-size-default\">Ing. Bra\u0148o Hrt\u00e1nek<\/h3>\t\t\t\t<\/div>\n\t\t\t\t<\/div>\n\t\t\t\t\t<\/div>\n\t\t\t\t<\/div>\n\t\t\t\t<div class=\"elementor-element elementor-element-a7b93ea elementor-widget elementor-widget-text-editor\" data-id=\"a7b93ea\" data-element_type=\"widget\" data-e-type=\"widget\" data-widget_type=\"text-editor.default\">\n\t\t\t\t<div class=\"elementor-widget-container\">\n\t\t\t\t\t\t\t\t\t<p class=\"wnd-align-justify\">Sme dvaja traderi, ktor\u00ed tr\u00e1via mnoho zauj\u00edmav\u00fdch a d\u00f4le\u017eit\u00fdch hod\u00edn spolo\u010dn\u00fdmi diskusiami o obchodovan\u00ed na burze, preto\u017ee trh vn\u00edmame ako v\u00fdzvu a to n\u00e1s bav\u00ed.<\/p><p class=\"wnd-align-justify\">\u0160pecializujeme sa na automatizovan\u00e9 obchodovanie, ktor\u00e9 svet pozn\u00e1 pod skratkou AOS, teda Automatick\u00fd Obchodn\u00fd Syst\u00e9m. Jeho aplik\u00e1cia n\u00e1m d\u00e1va slobodu odp\u00fata\u0165 sa od vysed\u00e1vania u grafov.<\/p>\t\t\t\t\t\t\t\t<\/div>\n\t\t\t\t<\/div>\n\t\t<div class=\"elementor-element elementor-element-0d2dd2d e-flex e-con-boxed e-con e-child\" data-id=\"0d2dd2d\" data-element_type=\"container\" data-e-type=\"container\">\n\t\t\t\t\t<div class=\"e-con-inner\">\n\t\t\t\t<div class=\"elementor-element elementor-element-f7472c3 elementor-widget elementor-widget-image\" data-id=\"f7472c3\" data-element_type=\"widget\" data-e-type=\"widget\" data-widget_type=\"image.default\">\n\t\t\t\t<div class=\"elementor-widget-container\">\n\t\t\t\t\t\t\t\t\t\t\t\t\t\t\t\t<a href=\"https:\/\/www.aosforex.com\/?page_id=2740\" target=\"_blank\">\n\t\t\t\t\t\t\t<img decoding=\"async\" src=\"https:\/\/www.aosforex.com\/wp-content\/uploads\/2024\/03\/Ivo_obr_profil_.jpg\" title=\"Ivo_obr_profil_\" alt=\"Ivo_obr_profil_\" loading=\"lazy\" \/>\t\t\t\t\t\t\t\t<\/a>\n\t\t\t\t\t\t\t\t\t\t\t\t\t\t\t<\/div>\n\t\t\t\t<\/div>\n\t\t\t\t<div class=\"elementor-element elementor-element-ee9fa64 elementor-widget elementor-widget-heading\" data-id=\"ee9fa64\" data-element_type=\"widget\" data-e-type=\"widget\" data-widget_type=\"heading.default\">\n\t\t\t\t<div class=\"elementor-widget-container\">\n\t\t\t\t\t<h3 class=\"elementor-heading-title elementor-size-default\">Ing. Ivo Mika\u010d<\/h3>\t\t\t\t<\/div>\n\t\t\t\t<\/div>\n\t\t\t\t\t<\/div>\n\t\t\t\t<\/div>\n\t\t\t\t\t<\/div>\n\t\t\t\t<\/div>\n\t\t<div class=\"elementor-element elementor-element-2ff6d6b e-flex e-con-boxed e-con e-parent\" data-id=\"2ff6d6b\" data-element_type=\"container\" data-e-type=\"container\">\n\t\t\t\t\t<div class=\"e-con-inner\">\n\t\t\t\t<div class=\"elementor-element elementor-element-9a0152e elementor-widget__width-initial elementor-widget elementor-widget-text-editor\" data-id=\"9a0152e\" data-element_type=\"widget\" data-e-type=\"widget\" data-widget_type=\"text-editor.default\">\n\t\t\t\t<div class=\"elementor-widget-container\">\n\t\t\t\t\t\t\t\t\t<p class=\"wnd-align-justify\">Ne\u00faspechy n\u00e1s nikdy neodradili, sme obaja ve\u013emi siln\u00e9 osobnosti,\u00a0o\u00a0\u010dom by na\u0161i pr\u00edbuzn\u00ed mohli rozpr\u00e1va\u0165. Nau\u010dili sme sa do zna\u010dnej miery ovl\u00e1da\u0165 svoje em\u00f3cie a to je pre \u00faspe\u0161n\u00fd tradingu k\u013e\u00fa\u010dov\u00e9 aj pri pou\u017eit\u00ed AOS.<\/p><p class=\"wnd-align-justify\">Obaja sme z poh\u013eadu vzdelania p\u00f4vodom technici a tak m\u00e1me \u0161irok\u00e9 znalosti \u0161tatistiky, fyziky a\u00a0programovania. To n\u00e1m ve\u013emi pom\u00e1ha v h\u013eadan\u00ed \u0161tatistickej v\u00fdhody &#8211; podstaty ziskov\u00e9ho obchodovania.<\/p><p class=\"wnd-align-justify\">Na\u0161e cesty sa stretli pri kurze tradingu, kde Ivo predn\u00e1\u0161al. R\u00fdchlo sme sa zbl\u00ed\u017eili, preto\u017ee sme mali podobn\u00e9 sk\u00fasenosti, znalosti o forexe a v neposlednom rade sme si sadli aj \u013eudsky.<\/p>\t\t\t\t\t\t\t\t<\/div>\n\t\t\t\t<\/div>\n\t\t\t\t\t<\/div>\n\t\t\t\t<\/div>\n\t\t<div class=\"elementor-element elementor-element-645c652 e-flex e-con-boxed e-con e-parent\" data-id=\"645c652\" data-element_type=\"container\" data-e-type=\"container\">\n\t\t\t\t\t<div class=\"e-con-inner\">\n\t\t\t\t<div class=\"elementor-element elementor-element-c0b1cb5 elementor-widget-divider--view-line elementor-widget elementor-widget-divider\" data-id=\"c0b1cb5\" data-element_type=\"widget\" data-e-type=\"widget\" data-widget_type=\"divider.default\">\n\t\t\t\t<div class=\"elementor-widget-container\">\n\t\t\t\t\t\t\t<div class=\"elementor-divider\">\n\t\t\t<span class=\"elementor-divider-separator\">\n\t\t\t\t\t\t<\/span>\n\t\t<\/div>\n\t\t\t\t\t\t<\/div>\n\t\t\t\t<\/div>\n\t\t\t\t\t<\/div>\n\t\t\t\t<\/div>\n\t\t<div class=\"elementor-element elementor-element-fe420fe e-flex e-con-boxed e-con e-parent\" data-id=\"fe420fe\" data-element_type=\"container\" data-e-type=\"container\">\n\t\t\t\t\t<div class=\"e-con-inner\">\n\t\t\t\t<div class=\"elementor-element elementor-element-506b66a elementor-widget elementor-widget-heading\" data-id=\"506b66a\" data-element_type=\"widget\" data-e-type=\"widget\" data-widget_type=\"heading.default\">\n\t\t\t\t<div class=\"elementor-widget-container\">\n\t\t\t\t\t<h2 class=\"elementor-heading-title elementor-size-default\">Pre\u010do tak\u00e9to str\u00e1nky?<\/h2>\t\t\t\t<\/div>\n\t\t\t\t<\/div>\n\t\t\t\t\t<\/div>\n\t\t\t\t<\/div>\n\t\t<div class=\"elementor-element elementor-element-c6169af e-grid e-con-full e-con e-parent\" data-id=\"c6169af\" data-element_type=\"container\" data-e-type=\"container\">\n\t\t\t\t<div class=\"elementor-element elementor-element-4ed08da elementor-widget elementor-widget-image\" data-id=\"4ed08da\" data-element_type=\"widget\" data-e-type=\"widget\" data-widget_type=\"image.default\">\n\t\t\t\t<div class=\"elementor-widget-container\">\n\t\t\t\t\t\t\t\t\t\t\t\t\t\t\t\t<a href=\"https:\/\/aosforex.com\/?page_id=7\">\n\t\t\t\t\t\t\t<img decoding=\"async\" src=\"https:\/\/www.aosforex.com\/wp-content\/uploads\/2025\/09\/Snimka-obrazovky-2025-09-07-174227.png\" title=\"Sn\u00edmka obrazovky 2025-09-07 174227\" alt=\"Sn\u00edmka obrazovky 2025-09-07 174227\" loading=\"lazy\" \/>\t\t\t\t\t\t\t\t<\/a>\n\t\t\t\t\t\t\t\t\t\t\t\t\t\t\t<\/div>\n\t\t\t\t<\/div>\n\t\t\t\t<div class=\"elementor-element elementor-element-d439933 elementor-widget elementor-widget-text-editor\" data-id=\"d439933\" data-element_type=\"widget\" data-e-type=\"widget\" data-widget_type=\"text-editor.default\">\n\t\t\t\t<div class=\"elementor-widget-container\">\n\t\t\t\t\t\t\t\t\t<p>Chceme V\u00e1m uk\u00e1za\u0165, \u017ee je mo\u017en\u00e9 obchodova\u0165 Forex bezpe\u010dne, ziskovo, s k\u013eudom a z\u00e1rove\u0148 dosahova\u0165 priemern\u00e9 <b>ro\u010dn\u00e9 zhodnotenie \u00fa\u010dtu o 30% a viac.<\/b> Na\u0161e <a href=\"https:\/\/aosforex.com\/?page_id=7\">v\u00fdsledky<\/a>\u00a0m\u00f4\u017eete pravidelne sledova\u0165 na verejn\u00fdch a overen\u00fdch platform\u00e1ch (www.myfxbook.com).<\/p><p>Zverej\u0148ujeme pre V\u00e1s <a href=\"https:\/\/www.aosforex.com\/?page_id=887\">znalosti<\/a>, ktor\u00e9 sa stali z\u00e1kladom n\u00e1\u0161ho \u00faspe\u0161n\u00e9ho tradingu.\u00a0<\/p><p>Pre niektor\u00fdch z V\u00e1s bude mo\u017eno zauj\u00edmav\u00e1 mo\u017enos\u0165 pripoji\u0165 sa k na\u0161im strat\u00e9gi\u00e1m. Viac inform\u00e1cii v sekcii <a href=\"https:\/\/www.aosforex.com\/?page_id=2695\">Obchodujte s nami<\/a>.<\/p>\t\t\t\t\t\t\t\t<\/div>\n\t\t\t\t<\/div>\n\t\t\t\t<\/div>\n\t\t\t\t<\/div>\n\t\t","protected":false},"excerpt":{"rendered":"<p>O obchodovan\u00ed na Forexe Dosahujeme stabiln\u00e9ho zhodnotenia kapit\u00e1lu v\u00fdrazne nad \u00farove\u0148 infl\u00e1cie a ako d\u00f4kaz tu zverej\u0148ujeme na\u0161e re\u00e1lne&nbsp;v\u00fdsledky. Radi sa s&nbsp;vami podel\u00edme o&nbsp;na\u0161e&nbsp;znalosti&nbsp;a&nbsp;dlhodob\u00e9 sk\u00fasenosti. Nejedn\u00e1 sa ale o&nbsp;\u017eiadne investi\u010dn\u00e9 rady. Uk\u00e1\u017eeme v\u00e1m, ako obchodujeme na menov\u00fdch p\u00e1roch met\u00f3dou&nbsp;Price Action (PA) pomocou vlastn\u00fdch programov pre podporu ru\u010dn\u00e9ho obchodovania, ale taktie\u017e programov pre plne automatick\u00fd trading &#8230; <a title=\"Home\" class=\"read-more\" href=\"https:\/\/www.aosforex.com\/\" aria-label=\"Pre\u010d\u00edtajte si viac o Home\">\u010c\u00edta\u0165 viac<\/a><\/p>\n","protected":false},"author":1,"featured_media":0,"parent":0,"menu_order":0,"comment_status":"closed","ping_status":"closed","template":"","meta":{"footnotes":""},"class_list":["post-75","page","type-page","status-publish"],"_links":{"self":[{"href":"https:\/\/www.aosforex.com\/index.php?rest_route=\/wp\/v2\/pages\/75","targetHints":{"allow":["GET"]}}],"collection":[{"href":"https:\/\/www.aosforex.com\/index.php?rest_route=\/wp\/v2\/pages"}],"about":[{"href":"https:\/\/www.aosforex.com\/index.php?rest_route=\/wp\/v2\/types\/page"}],"author":[{"embeddable":true,"href":"https:\/\/www.aosforex.com\/index.php?rest_route=\/wp\/v2\/users\/1"}],"replies":[{"embeddable":true,"href":"https:\/\/www.aosforex.com\/index.php?rest_route=%2Fwp%2Fv2%2Fcomments&post=75"}],"version-history":[{"count":197,"href":"https:\/\/www.aosforex.com\/index.php?rest_route=\/wp\/v2\/pages\/75\/revisions"}],"predecessor-version":[{"id":3845,"href":"https:\/\/www.aosforex.com\/index.php?rest_route=\/wp\/v2\/pages\/75\/revisions\/3845"}],"wp:attachment":[{"href":"https:\/\/www.aosforex.com\/index.php?rest_route=%2Fwp%2Fv2%2Fmedia&parent=75"}],"curies":[{"name":"wp","href":"https:\/\/api.w.org\/{rel}","templated":true}]}}