{"id":7,"date":"2024-02-21T18:40:53","date_gmt":"2024-02-21T17:40:53","guid":{"rendered":"https:\/\/aosforex.com\/?page_id=7"},"modified":"2025-09-07T17:39:27","modified_gmt":"2025-09-07T15:39:27","slug":"vysledky","status":"publish","type":"page","link":"https:\/\/www.aosforex.com\/?page_id=7","title":{"rendered":"V\u00fdsledky"},"content":{"rendered":"\t\t<div data-elementor-type=\"wp-page\" data-elementor-id=\"7\" class=\"elementor elementor-7\">\n\t\t\t\t<div class=\"elementor-element elementor-element-c0d8017 e-con-full e-flex e-con e-parent\" data-id=\"c0d8017\" data-element_type=\"container\" data-e-type=\"container\">\n\t\t\t\t<div class=\"elementor-element elementor-element-740ef7f elementor-widget elementor-widget-image\" data-id=\"740ef7f\" data-element_type=\"widget\" data-e-type=\"widget\" data-widget_type=\"image.default\">\n\t\t\t\t<div class=\"elementor-widget-container\">\n\t\t\t\t\t\t\t\t\t\t\t\t\t\t\t<img fetchpriority=\"high\" decoding=\"async\" width=\"1024\" height=\"137\" src=\"https:\/\/www.aosforex.com\/wp-content\/uploads\/2024\/10\/Vysledky-uvod-1024x137.jpg\" class=\"attachment-large size-large wp-image-2434\" alt=\"\" srcset=\"https:\/\/www.aosforex.com\/wp-content\/uploads\/2024\/10\/Vysledky-uvod-1024x137.jpg 1024w, https:\/\/www.aosforex.com\/wp-content\/uploads\/2024\/10\/Vysledky-uvod-300x40.jpg 300w, https:\/\/www.aosforex.com\/wp-content\/uploads\/2024\/10\/Vysledky-uvod-768x102.jpg 768w, https:\/\/www.aosforex.com\/wp-content\/uploads\/2024\/10\/Vysledky-uvod-600x80.jpg 600w, https:\/\/www.aosforex.com\/wp-content\/uploads\/2024\/10\/Vysledky-uvod.jpg 1050w\" sizes=\"(max-width: 1024px) 100vw, 1024px\" \/>\t\t\t\t\t\t\t\t\t\t\t\t\t\t\t<\/div>\n\t\t\t\t<\/div>\n\t\t\t\t<div class=\"elementor-element elementor-element-e35cb40 elementor-widget elementor-widget-text-editor\" data-id=\"e35cb40\" data-element_type=\"widget\" data-e-type=\"widget\" data-widget_type=\"text-editor.default\">\n\t\t\t\t<div class=\"elementor-widget-container\">\n\t\t\t\t\t\t\t\t\t<p>V tejto sekci\u00ed n\u00e1jdete realitu. V\u00fdsledky n\u00e1\u0161ho obchodovania bez prikr\u00e1\u0161lovania a modifik\u00e1ci\u00ed. Trhy s\u00fa ve\u013emi n\u00e1ro\u010dn\u00e9 prostredie a ob\u010das sa stan\u00fa aj veci, ktor\u00e9 V\u00e1s nepote\u0161ia, no stratov\u00fd obchod nie je ni\u010d zl\u00e9. Je d\u00f4le\u017eit\u00e9, ako si na konci d\u0148a, t\u00fd\u017ed\u0148a, mesiaca, roku stoj\u00ed Va\u0161a equity. Jednoducho povedan\u00e9:<\/p>\t\t\t\t\t\t\t\t<\/div>\n\t\t\t\t<\/div>\n\t\t<div class=\"elementor-element elementor-element-6abc47d e-grid e-con-boxed e-con e-child\" data-id=\"6abc47d\" data-element_type=\"container\" data-e-type=\"container\">\n\t\t\t\t\t<div class=\"e-con-inner\">\n\t\t\t\t<div class=\"elementor-element elementor-element-8008d71 elementor-widget elementor-widget-heading\" data-id=\"8008d71\" data-element_type=\"widget\" data-e-type=\"widget\" data-widget_type=\"heading.default\">\n\t\t\t\t<div class=\"elementor-widget-container\">\n\t\t\t\t\t<h3 class=\"elementor-heading-title elementor-size-default\">\"Krit\u00e9rium \u00faspechu je v\u00fdsledok\"<\/h3>\t\t\t\t<\/div>\n\t\t\t\t<\/div>\n\t\t\t\t<div class=\"elementor-element elementor-element-62f4aec elementor-widget elementor-widget-image\" data-id=\"62f4aec\" data-element_type=\"widget\" data-e-type=\"widget\" data-widget_type=\"image.default\">\n\t\t\t\t<div class=\"elementor-widget-container\">\n\t\t\t\t\t\t\t\t\t\t\t\t\t\t\t<img decoding=\"async\" src=\"https:\/\/www.aosforex.com\/wp-content\/uploads\/2024\/02\/168_res-1-e1710266074989.webp\" title=\"168_res-1\" alt=\"168_res-1\" loading=\"lazy\" \/>\t\t\t\t\t\t\t\t\t\t\t\t\t\t\t<\/div>\n\t\t\t\t<\/div>\n\t\t\t\t\t<\/div>\n\t\t\t\t<\/div>\n\t\t\t\t<div class=\"elementor-element elementor-element-4fcad19 elementor-widget-divider--view-line elementor-widget elementor-widget-divider\" data-id=\"4fcad19\" data-element_type=\"widget\" data-e-type=\"widget\" data-widget_type=\"divider.default\">\n\t\t\t\t<div class=\"elementor-widget-container\">\n\t\t\t\t\t\t\t<div class=\"elementor-divider\">\n\t\t\t<span class=\"elementor-divider-separator\">\n\t\t\t\t\t\t<\/span>\n\t\t<\/div>\n\t\t\t\t\t\t<\/div>\n\t\t\t\t<\/div>\n\t\t\t\t<div class=\"elementor-element elementor-element-a4da74f elementor-widget elementor-widget-text-editor\" data-id=\"a4da74f\" data-element_type=\"widget\" data-e-type=\"widget\" data-widget_type=\"text-editor.default\">\n\t\t\t\t<div class=\"elementor-widget-container\">\n\t\t\t\t\t\t\t\t\t<h5 style=\"text-align: center;\">Priebeh obchodovania n\u00e1\u0161ho automatick\u00e9ho syst\u00e9mu na re\u00e1lnom \u00fa\u010dte \u010d.1:<\/h5>\t\t\t\t\t\t\t\t<\/div>\n\t\t\t\t<\/div>\n\t\t\t\t<div class=\"elementor-element elementor-element-316a26e elementor-widget elementor-widget-image\" data-id=\"316a26e\" data-element_type=\"widget\" data-e-type=\"widget\" data-widget_type=\"image.default\">\n\t\t\t\t<div class=\"elementor-widget-container\">\n\t\t\t\t\t\t\t\t\t\t\t\t\t\t\t<img decoding=\"async\" src=\"https:\/\/www.aosforex.com\/wp-content\/uploads\/2025\/08\/Snimka-obrazovky-2025-08-24-001557.png\" title=\"Sn\u00edmka obrazovky 2025-08-24 001557\" alt=\"Sn\u00edmka obrazovky 2025-08-24 001557\" loading=\"lazy\" \/>\t\t\t\t\t\t\t\t\t\t\t\t\t\t\t<\/div>\n\t\t\t\t<\/div>\n\t\t\t\t<div class=\"elementor-element elementor-element-b5529cf elementor-widget-divider--view-line elementor-widget elementor-widget-divider\" data-id=\"b5529cf\" data-element_type=\"widget\" data-e-type=\"widget\" data-widget_type=\"divider.default\">\n\t\t\t\t<div class=\"elementor-widget-container\">\n\t\t\t\t\t\t\t<div class=\"elementor-divider\">\n\t\t\t<span class=\"elementor-divider-separator\">\n\t\t\t\t\t\t<\/span>\n\t\t<\/div>\n\t\t\t\t\t\t<\/div>\n\t\t\t\t<\/div>\n\t\t\t\t<div class=\"elementor-element elementor-element-2f2248b elementor-widget elementor-widget-text-editor\" data-id=\"2f2248b\" data-element_type=\"widget\" data-e-type=\"widget\" data-widget_type=\"text-editor.default\">\n\t\t\t\t<div class=\"elementor-widget-container\">\n\t\t\t\t\t\t\t\t\t<h5 style=\"text-align: center;\">Priebeh obchodovania n\u00e1\u0161ho automatick\u00e9ho syst\u00e9mu na re\u00e1lnom \u00fa\u010dte \u010d.2:<\/h5>\t\t\t\t\t\t\t\t<\/div>\n\t\t\t\t<\/div>\n\t\t\t\t<div class=\"elementor-element elementor-element-3c1ea8b elementor-widget elementor-widget-image\" data-id=\"3c1ea8b\" data-element_type=\"widget\" data-e-type=\"widget\" data-widget_type=\"image.default\">\n\t\t\t\t<div class=\"elementor-widget-container\">\n\t\t\t\t\t\t\t\t\t\t\t\t\t\t\t<img decoding=\"async\" src=\"https:\/\/www.aosforex.com\/wp-content\/uploads\/2025\/09\/Snimka-obrazovky-2025-09-07-173341.png\" title=\"Sn\u00edmka obrazovky 2025-09-07 173341\" alt=\"Sn\u00edmka obrazovky 2025-09-07 173341\" loading=\"lazy\" \/>\t\t\t\t\t\t\t\t\t\t\t\t\t\t\t<\/div>\n\t\t\t\t<\/div>\n\t\t\t\t<div class=\"elementor-element elementor-element-40a389a elementor-widget-divider--view-line elementor-widget elementor-widget-divider\" data-id=\"40a389a\" data-element_type=\"widget\" data-e-type=\"widget\" data-widget_type=\"divider.default\">\n\t\t\t\t<div class=\"elementor-widget-container\">\n\t\t\t\t\t\t\t<div class=\"elementor-divider\">\n\t\t\t<span class=\"elementor-divider-separator\">\n\t\t\t\t\t\t<\/span>\n\t\t<\/div>\n\t\t\t\t\t\t<\/div>\n\t\t\t\t<\/div>\n\t\t\t\t<div class=\"elementor-element elementor-element-1a687fa elementor-widget elementor-widget-heading\" data-id=\"1a687fa\" data-element_type=\"widget\" data-e-type=\"widget\" data-widget_type=\"heading.default\">\n\t\t\t\t<div class=\"elementor-widget-container\">\n\t\t\t\t\t<h2 class=\"elementor-heading-title elementor-size-default\">Na\u0161e AOS \u00fa\u010dty na myfxbook.com<\/h2>\t\t\t\t<\/div>\n\t\t\t\t<\/div>\n\t\t\t\t<div class=\"elementor-element elementor-element-fa1ebbc elementor-widget elementor-widget-text-editor\" data-id=\"fa1ebbc\" data-element_type=\"widget\" data-e-type=\"widget\" data-widget_type=\"text-editor.default\">\n\t\t\t\t<div class=\"elementor-widget-container\">\n\t\t\t\t\t\t\t\t\t<p style=\"text-align: center;\">Na\u0161e v\u00fdsledky na verejne dostupnom mieste pre V\u00e1\u0161 lep\u0161\u00ed preh\u013ead. \u00da\u010det \u010d.1:<\/p>\t\t\t\t\t\t\t\t<\/div>\n\t\t\t\t<\/div>\n\t\t\t\t<div class=\"elementor-element elementor-element-fdff0fe elementor-widget elementor-widget-image\" data-id=\"fdff0fe\" data-element_type=\"widget\" data-e-type=\"widget\" data-widget_type=\"image.default\">\n\t\t\t\t<div class=\"elementor-widget-container\">\n\t\t\t\t\t\t\t\t\t\t\t\t\t\t\t\t<a href=\"https:\/\/www.myfxbook.com\/members\/Brano74\/ivo-real-1\/11574305\" target=\"_blank\">\n\t\t\t\t\t\t\t<img decoding=\"async\" src=\"https:\/\/www.aosforex.com\/wp-content\/uploads\/2025\/09\/Snimka-obrazovky-2025-09-07-173833.png\" title=\"Sn\u00edmka obrazovky 2025-09-07 173833\" alt=\"Sn\u00edmka obrazovky 2025-09-07 173833\" loading=\"lazy\" \/>\t\t\t\t\t\t\t\t<\/a>\n\t\t\t\t\t\t\t\t\t\t\t\t\t\t\t<\/div>\n\t\t\t\t<\/div>\n\t\t\t\t<div class=\"elementor-element elementor-element-1e839e5 elementor-widget elementor-widget-text-editor\" data-id=\"1e839e5\" data-element_type=\"widget\" data-e-type=\"widget\" data-widget_type=\"text-editor.default\">\n\t\t\t\t<div class=\"elementor-widget-container\">\n\t\t\t\t\t\t\t\t\t<p style=\"text-align: center;\">Na\u0161e v\u00fdsledky na verejne dostupnom mieste pre V\u00e1\u0161 lep\u0161\u00ed preh\u013ead. \u00da\u010det \u010d.2:<\/p>\t\t\t\t\t\t\t\t<\/div>\n\t\t\t\t<\/div>\n\t\t\t\t<div class=\"elementor-element elementor-element-3b85073 elementor-widget elementor-widget-image\" data-id=\"3b85073\" data-element_type=\"widget\" data-e-type=\"widget\" data-widget_type=\"image.default\">\n\t\t\t\t<div class=\"elementor-widget-container\">\n\t\t\t\t\t\t\t\t\t\t\t\t\t\t\t\t<a href=\"https:\/\/www.myfxbook.com\/members\/Brano74\/brano-real-1\/11574583\" target=\"_blank\">\n\t\t\t\t\t\t\t<img decoding=\"async\" src=\"https:\/\/www.aosforex.com\/wp-content\/uploads\/2025\/09\/Snimka-obrazovky-2025-09-07-173607.png\" title=\"Sn\u00edmka obrazovky 2025-09-07 173607\" alt=\"Sn\u00edmka obrazovky 2025-09-07 173607\" loading=\"lazy\" \/>\t\t\t\t\t\t\t\t<\/a>\n\t\t\t\t\t\t\t\t\t\t\t\t\t\t\t<\/div>\n\t\t\t\t<\/div>\n\t\t\t\t<\/div>\n\t\t\t\t<\/div>\n\t\t","protected":false},"excerpt":{"rendered":"<p>V tejto sekci\u00ed n\u00e1jdete realitu. V\u00fdsledky n\u00e1\u0161ho obchodovania bez prikr\u00e1\u0161lovania a modifik\u00e1ci\u00ed. Trhy s\u00fa ve\u013emi n\u00e1ro\u010dn\u00e9 prostredie a ob\u010das sa stan\u00fa aj veci, ktor\u00e9 V\u00e1s nepote\u0161ia, no stratov\u00fd obchod nie je ni\u010d zl\u00e9. Je d\u00f4le\u017eit\u00e9, ako si na konci d\u0148a, t\u00fd\u017ed\u0148a, mesiaca, roku stoj\u00ed Va\u0161a equity. Jednoducho povedan\u00e9: &#8222;Krit\u00e9rium \u00faspechu je v\u00fdsledok&#8220; Priebeh obchodovania n\u00e1\u0161ho &#8230; <a title=\"V\u00fdsledky\" class=\"read-more\" href=\"https:\/\/www.aosforex.com\/?page_id=7\" aria-label=\"Pre\u010d\u00edtajte si viac o V\u00fdsledky\">\u010c\u00edta\u0165 viac<\/a><\/p>\n","protected":false},"author":1,"featured_media":0,"parent":0,"menu_order":0,"comment_status":"closed","ping_status":"closed","template":"","meta":{"footnotes":""},"class_list":["post-7","page","type-page","status-publish"],"_links":{"self":[{"href":"https:\/\/www.aosforex.com\/index.php?rest_route=\/wp\/v2\/pages\/7","targetHints":{"allow":["GET"]}}],"collection":[{"href":"https:\/\/www.aosforex.com\/index.php?rest_route=\/wp\/v2\/pages"}],"about":[{"href":"https:\/\/www.aosforex.com\/index.php?rest_route=\/wp\/v2\/types\/page"}],"author":[{"embeddable":true,"href":"https:\/\/www.aosforex.com\/index.php?rest_route=\/wp\/v2\/users\/1"}],"replies":[{"embeddable":true,"href":"https:\/\/www.aosforex.com\/index.php?rest_route=%2Fwp%2Fv2%2Fcomments&post=7"}],"version-history":[{"count":228,"href":"https:\/\/www.aosforex.com\/index.php?rest_route=\/wp\/v2\/pages\/7\/revisions"}],"predecessor-version":[{"id":3841,"href":"https:\/\/www.aosforex.com\/index.php?rest_route=\/wp\/v2\/pages\/7\/revisions\/3841"}],"wp:attachment":[{"href":"https:\/\/www.aosforex.com\/index.php?rest_route=%2Fwp%2Fv2%2Fmedia&parent=7"}],"curies":[{"name":"wp","href":"https:\/\/api.w.org\/{rel}","templated":true}]}}