{"id":2901,"date":"2025-02-16T13:25:21","date_gmt":"2025-02-16T12:25:21","guid":{"rendered":"https:\/\/www.aosforex.com\/?page_id=2901"},"modified":"2025-07-20T16:21:37","modified_gmt":"2025-07-20T14:21:37","slug":"choosy-trader","status":"publish","type":"page","link":"https:\/\/www.aosforex.com\/?page_id=2901","title":{"rendered":"Choosy Trader"},"content":{"rendered":"\t\t<div data-elementor-type=\"wp-page\" data-elementor-id=\"2901\" class=\"elementor elementor-2901\">\n\t\t\t\t<div class=\"elementor-element elementor-element-dd9e860 e-flex e-con-boxed e-con e-parent\" data-id=\"dd9e860\" data-element_type=\"container\" data-e-type=\"container\">\n\t\t\t\t\t<div class=\"e-con-inner\">\n\t\t\t\t<div class=\"elementor-element elementor-element-c776b03 elementor-widget elementor-widget-image\" data-id=\"c776b03\" data-element_type=\"widget\" data-e-type=\"widget\" data-widget_type=\"image.default\">\n\t\t\t\t<div class=\"elementor-widget-container\">\n\t\t\t\t\t\t\t\t\t\t\t\t\t\t\t<img fetchpriority=\"high\" decoding=\"async\" width=\"1024\" height=\"137\" src=\"https:\/\/www.aosforex.com\/wp-content\/uploads\/2025\/02\/zaklady_tradingu_obchodujte-1024x137.jpg\" class=\"attachment-large size-large wp-image-2772\" alt=\"\" srcset=\"https:\/\/www.aosforex.com\/wp-content\/uploads\/2025\/02\/zaklady_tradingu_obchodujte-1024x137.jpg 1024w, https:\/\/www.aosforex.com\/wp-content\/uploads\/2025\/02\/zaklady_tradingu_obchodujte-300x40.jpg 300w, https:\/\/www.aosforex.com\/wp-content\/uploads\/2025\/02\/zaklady_tradingu_obchodujte-768x102.jpg 768w, https:\/\/www.aosforex.com\/wp-content\/uploads\/2025\/02\/zaklady_tradingu_obchodujte-600x80.jpg 600w, https:\/\/www.aosforex.com\/wp-content\/uploads\/2025\/02\/zaklady_tradingu_obchodujte.jpg 1050w\" sizes=\"(max-width: 1024px) 100vw, 1024px\" \/>\t\t\t\t\t\t\t\t\t\t\t\t\t\t\t<\/div>\n\t\t\t\t<\/div>\n\t\t\t\t\t<\/div>\n\t\t\t\t<\/div>\n\t\t<div class=\"elementor-element elementor-element-9261ec5 e-flex e-con-boxed e-con e-parent\" data-id=\"9261ec5\" data-element_type=\"container\" data-e-type=\"container\">\n\t\t\t\t\t<div class=\"e-con-inner\">\n\t\t\t\t<div class=\"elementor-element elementor-element-094c100 elementor-widget elementor-widget-heading\" data-id=\"094c100\" data-element_type=\"widget\" data-e-type=\"widget\" data-widget_type=\"heading.default\">\n\t\t\t\t<div class=\"elementor-widget-container\">\n\t\t\t\t\t<h2 class=\"elementor-heading-title elementor-size-default\">Choosy Trader<\/h2>\t\t\t\t<\/div>\n\t\t\t\t<\/div>\n\t\t\t\t\t<\/div>\n\t\t\t\t<\/div>\n\t\t<div class=\"elementor-element elementor-element-67ceefe e-flex e-con-boxed e-con e-parent\" data-id=\"67ceefe\" data-element_type=\"container\" data-e-type=\"container\">\n\t\t\t\t\t<div class=\"e-con-inner\">\n\t\t\t\t<div class=\"elementor-element elementor-element-5c35634 elementor-widget elementor-widget-text-editor\" data-id=\"5c35634\" data-element_type=\"widget\" data-e-type=\"widget\" data-widget_type=\"text-editor.default\">\n\t\t\t\t<div class=\"elementor-widget-container\">\n\t\t\t\t\t\t\t\t\t<p>Je na\u0161a strat\u00e9gia v u\u017e\u00edvate\u013eskom prostred\u00ed spolo\u010dnosti <a href=\"http:\/\/www.purple-trading.com\/cs\/\" target=\"_blank\" rel=\"noopener\">Purple Trading<\/a>. Pripoji\u0165 sa v pr\u00edpade z\u00e1ujmu m\u00f4\u017eete jedine tak, \u017ee sa zaregistrujete a dostanete pr\u00edstup do <a href=\"https:\/\/zone.purple-trading.com\" target=\"_blank\" rel=\"noopener\">PurpleZone<\/a>. Tam u\u017e sta\u010d\u00ed v sekci\u00ed Strategie n\u00e1js\u0165 obchodn\u00fd syst\u00e9m Choosy Trader a klin\u00fa\u0165 na tla\u010d\u00edtko &#8222;P\u0159ipojit se ke strat\u00e9gii&#8220;.<\/p>\t\t\t\t\t\t\t\t<\/div>\n\t\t\t\t<\/div>\n\t\t\t\t\t<\/div>\n\t\t\t\t<\/div>\n\t\t<div class=\"elementor-element elementor-element-8b67197 e-flex e-con-boxed e-con e-parent\" data-id=\"8b67197\" data-element_type=\"container\" data-e-type=\"container\">\n\t\t\t\t\t<div class=\"e-con-inner\">\n\t\t\t\t<div class=\"elementor-element elementor-element-87ea96f elementor-widget elementor-widget-image\" data-id=\"87ea96f\" data-element_type=\"widget\" data-e-type=\"widget\" data-widget_type=\"image.default\">\n\t\t\t\t<div class=\"elementor-widget-container\">\n\t\t\t\t\t\t\t\t\t\t\t\t\t\t\t<img decoding=\"async\" width=\"988\" height=\"419\" src=\"https:\/\/www.aosforex.com\/wp-content\/uploads\/2025\/07\/Snimka-obrazovky-2025-07-20-161925.png\" class=\"attachment-large size-large wp-image-3515\" alt=\"\" srcset=\"https:\/\/www.aosforex.com\/wp-content\/uploads\/2025\/07\/Snimka-obrazovky-2025-07-20-161925.png 988w, https:\/\/www.aosforex.com\/wp-content\/uploads\/2025\/07\/Snimka-obrazovky-2025-07-20-161925-300x127.png 300w, https:\/\/www.aosforex.com\/wp-content\/uploads\/2025\/07\/Snimka-obrazovky-2025-07-20-161925-768x326.png 768w, https:\/\/www.aosforex.com\/wp-content\/uploads\/2025\/07\/Snimka-obrazovky-2025-07-20-161925-600x254.png 600w\" sizes=\"(max-width: 988px) 100vw, 988px\" \/>\t\t\t\t\t\t\t\t\t\t\t\t\t\t\t<\/div>\n\t\t\t\t<\/div>\n\t\t\t\t\t<\/div>\n\t\t\t\t<\/div>\n\t\t<div class=\"elementor-element elementor-element-405d814 e-flex e-con-boxed e-con e-parent\" data-id=\"405d814\" data-element_type=\"container\" data-e-type=\"container\">\n\t\t\t\t\t<div class=\"e-con-inner\">\n\t\t\t\t<div class=\"elementor-element elementor-element-efb1e18 elementor-widget elementor-widget-text-editor\" data-id=\"efb1e18\" data-element_type=\"widget\" data-e-type=\"widget\" data-widget_type=\"text-editor.default\">\n\t\t\t\t<div class=\"elementor-widget-container\">\n\t\t\t\t\t\t\t\t\t<p>D\u00f4le\u017eit\u00e9 parametre o na\u0161ej strat\u00e9gii n\u00e1jdete v ni\u017e\u0161ie prilo\u017een\u00fdch podrobnostiach. Do pozornosti d\u00e1vame predov\u0161etk\u00fdm Poplatky, CapitalGuard a Minim\u00e1lny vklad.<\/p>\t\t\t\t\t\t\t\t<\/div>\n\t\t\t\t<\/div>\n\t\t\t\t\t<\/div>\n\t\t\t\t<\/div>\n\t\t<div class=\"elementor-element elementor-element-64ad245 e-flex e-con-boxed e-con e-parent\" data-id=\"64ad245\" data-element_type=\"container\" data-e-type=\"container\">\n\t\t\t\t\t<div class=\"e-con-inner\">\n\t\t\t\t<div class=\"elementor-element elementor-element-cf56381 elementor-widget elementor-widget-image\" data-id=\"cf56381\" data-element_type=\"widget\" data-e-type=\"widget\" data-widget_type=\"image.default\">\n\t\t\t\t<div class=\"elementor-widget-container\">\n\t\t\t\t\t\t\t\t\t\t\t\t\t\t\t<img decoding=\"async\" width=\"1024\" height=\"271\" src=\"https:\/\/www.aosforex.com\/wp-content\/uploads\/2025\/07\/Snimka-obrazovky-2025-07-20-162106-1024x271.png\" class=\"attachment-large size-large wp-image-3519\" alt=\"\" srcset=\"https:\/\/www.aosforex.com\/wp-content\/uploads\/2025\/07\/Snimka-obrazovky-2025-07-20-162106-1024x271.png 1024w, https:\/\/www.aosforex.com\/wp-content\/uploads\/2025\/07\/Snimka-obrazovky-2025-07-20-162106-300x79.png 300w, https:\/\/www.aosforex.com\/wp-content\/uploads\/2025\/07\/Snimka-obrazovky-2025-07-20-162106-768x203.png 768w, https:\/\/www.aosforex.com\/wp-content\/uploads\/2025\/07\/Snimka-obrazovky-2025-07-20-162106-600x159.png 600w, https:\/\/www.aosforex.com\/wp-content\/uploads\/2025\/07\/Snimka-obrazovky-2025-07-20-162106.png 1314w\" sizes=\"(max-width: 1024px) 100vw, 1024px\" \/>\t\t\t\t\t\t\t\t\t\t\t\t\t\t\t<\/div>\n\t\t\t\t<\/div>\n\t\t\t\t\t<\/div>\n\t\t\t\t<\/div>\n\t\t<div class=\"elementor-element elementor-element-a60ce47 e-flex e-con-boxed e-con e-parent\" data-id=\"a60ce47\" data-element_type=\"container\" data-e-type=\"container\">\n\t\t\t\t\t<div class=\"e-con-inner\">\n\t\t\t\t<div class=\"elementor-element elementor-element-e3f4081 elementor-widget elementor-widget-text-editor\" data-id=\"e3f4081\" data-element_type=\"widget\" data-e-type=\"widget\" data-widget_type=\"text-editor.default\">\n\t\t\t\t<div class=\"elementor-widget-container\">\n\t\t\t\t\t\t\t\t\t<p>Pre \u00fapln\u00fa transparentnos\u0165 a sledovanie v\u00fdkonu na tejto str\u00e1nke zverej\u0148ujeme aj pr\u00edstup do verejnej \u010dasti slu\u017eby myfxbook. D\u00e1ta k zobrazeniu grafu nie s\u00fa live. Upgrade je roben\u00fd priebe\u017ene 2-3x t\u00fd\u017edenne.<\/p>\t\t\t\t\t\t\t\t<\/div>\n\t\t\t\t<\/div>\n\t\t\t\t\t<\/div>\n\t\t\t\t<\/div>\n\t\t<div class=\"elementor-element elementor-element-cc0c59c e-flex e-con-boxed e-con e-parent\" data-id=\"cc0c59c\" data-element_type=\"container\" data-e-type=\"container\">\n\t\t\t\t\t<div class=\"e-con-inner\">\n\t\t\t\t<div class=\"elementor-element elementor-element-4870fa9 elementor-widget elementor-widget-image\" data-id=\"4870fa9\" data-element_type=\"widget\" data-e-type=\"widget\" data-widget_type=\"image.default\">\n\t\t\t\t<div class=\"elementor-widget-container\">\n\t\t\t\t\t\t\t\t\t\t\t\t\t\t\t\t<a href=\"https:\/\/www.myfxbook.com\/members\/Brano74\/mt4-choosy-trader\/11345298\" target=\"_blank\">\n\t\t\t\t\t\t\t<img loading=\"lazy\" decoding=\"async\" width=\"927\" height=\"471\" src=\"https:\/\/www.aosforex.com\/wp-content\/uploads\/2025\/07\/Snimka-obrazovky-2025-07-17-220955.png\" class=\"attachment-large size-large wp-image-3496\" alt=\"\" srcset=\"https:\/\/www.aosforex.com\/wp-content\/uploads\/2025\/07\/Snimka-obrazovky-2025-07-17-220955.png 927w, https:\/\/www.aosforex.com\/wp-content\/uploads\/2025\/07\/Snimka-obrazovky-2025-07-17-220955-300x152.png 300w, https:\/\/www.aosforex.com\/wp-content\/uploads\/2025\/07\/Snimka-obrazovky-2025-07-17-220955-768x390.png 768w, https:\/\/www.aosforex.com\/wp-content\/uploads\/2025\/07\/Snimka-obrazovky-2025-07-17-220955-600x305.png 600w\" sizes=\"(max-width: 927px) 100vw, 927px\" \/>\t\t\t\t\t\t\t\t<\/a>\n\t\t\t\t\t\t\t\t\t\t\t\t\t\t\t<\/div>\n\t\t\t\t<\/div>\n\t\t\t\t\t<\/div>\n\t\t\t\t<\/div>\n\t\t<div class=\"elementor-element elementor-element-39c840f e-flex e-con-boxed e-con e-parent\" data-id=\"39c840f\" data-element_type=\"container\" data-e-type=\"container\">\n\t\t\t\t\t<div class=\"e-con-inner\">\n\t\t\t\t<div class=\"elementor-element elementor-element-afbb8a2 elementor-align-center elementor-widget elementor-widget-button\" data-id=\"afbb8a2\" data-element_type=\"widget\" data-e-type=\"widget\" data-widget_type=\"button.default\">\n\t\t\t\t<div class=\"elementor-widget-container\">\n\t\t\t\t\t\t\t\t\t<div class=\"elementor-button-wrapper\">\n\t\t\t\t\t<a class=\"elementor-button elementor-button-link elementor-size-sm\" href=\"https:\/\/www.aosforex.com\/?page_id=2871\">\n\t\t\t\t\t\t<span class=\"elementor-button-content-wrapper\">\n\t\t\t\t\t\t<span class=\"elementor-button-icon\">\n\t\t\t\t<svg aria-hidden=\"true\" class=\"e-font-icon-svg e-fas-level-up-alt\" viewBox=\"0 0 320 512\" xmlns=\"http:\/\/www.w3.org\/2000\/svg\"><path d=\"M313.553 119.669L209.587 7.666c-9.485-10.214-25.676-10.229-35.174 0L70.438 119.669C56.232 134.969 67.062 160 88.025 160H152v272H68.024a11.996 11.996 0 0 0-8.485 3.515l-56 56C-4.021 499.074 1.333 512 12.024 512H208c13.255 0 24-10.745 24-24V160h63.966c20.878 0 31.851-24.969 17.587-40.331z\"><\/path><\/svg>\t\t\t<\/span>\n\t\t\t\t\t\t\t\t\t<span class=\"elementor-button-text\">Sp\u00e4\u0165<\/span>\n\t\t\t\t\t<\/span>\n\t\t\t\t\t<\/a>\n\t\t\t\t<\/div>\n\t\t\t\t\t\t\t\t<\/div>\n\t\t\t\t<\/div>\n\t\t\t\t\t<\/div>\n\t\t\t\t<\/div>\n\t\t\t\t<\/div>\n\t\t","protected":false},"excerpt":{"rendered":"<p>Choosy Trader Je na\u0161a strat\u00e9gia v u\u017e\u00edvate\u013eskom prostred\u00ed spolo\u010dnosti Purple Trading. Pripoji\u0165 sa v pr\u00edpade z\u00e1ujmu m\u00f4\u017eete jedine tak, \u017ee sa zaregistrujete a dostanete pr\u00edstup do PurpleZone. Tam u\u017e sta\u010d\u00ed v sekci\u00ed Strategie n\u00e1js\u0165 obchodn\u00fd syst\u00e9m Choosy Trader a klin\u00fa\u0165 na tla\u010d\u00edtko &#8222;P\u0159ipojit se ke strat\u00e9gii&#8220;. D\u00f4le\u017eit\u00e9 parametre o na\u0161ej strat\u00e9gii n\u00e1jdete v ni\u017e\u0161ie prilo\u017een\u00fdch &#8230; <a title=\"Choosy Trader\" class=\"read-more\" href=\"https:\/\/www.aosforex.com\/?page_id=2901\" aria-label=\"Pre\u010d\u00edtajte si viac o Choosy Trader\">\u010c\u00edta\u0165 viac<\/a><\/p>\n","protected":false},"author":1,"featured_media":0,"parent":0,"menu_order":0,"comment_status":"closed","ping_status":"closed","template":"","meta":{"footnotes":""},"class_list":["post-2901","page","type-page","status-publish"],"_links":{"self":[{"href":"https:\/\/www.aosforex.com\/index.php?rest_route=\/wp\/v2\/pages\/2901","targetHints":{"allow":["GET"]}}],"collection":[{"href":"https:\/\/www.aosforex.com\/index.php?rest_route=\/wp\/v2\/pages"}],"about":[{"href":"https:\/\/www.aosforex.com\/index.php?rest_route=\/wp\/v2\/types\/page"}],"author":[{"embeddable":true,"href":"https:\/\/www.aosforex.com\/index.php?rest_route=\/wp\/v2\/users\/1"}],"replies":[{"embeddable":true,"href":"https:\/\/www.aosforex.com\/index.php?rest_route=%2Fwp%2Fv2%2Fcomments&post=2901"}],"version-history":[{"count":58,"href":"https:\/\/www.aosforex.com\/index.php?rest_route=\/wp\/v2\/pages\/2901\/revisions"}],"predecessor-version":[{"id":3522,"href":"https:\/\/www.aosforex.com\/index.php?rest_route=\/wp\/v2\/pages\/2901\/revisions\/3522"}],"wp:attachment":[{"href":"https:\/\/www.aosforex.com\/index.php?rest_route=%2Fwp%2Fv2%2Fmedia&parent=2901"}],"curies":[{"name":"wp","href":"https:\/\/api.w.org\/{rel}","templated":true}]}}