{"id":2871,"date":"2025-02-16T11:57:01","date_gmt":"2025-02-16T10:57:01","guid":{"rendered":"https:\/\/www.aosforex.com\/?page_id=2871"},"modified":"2025-07-20T16:17:55","modified_gmt":"2025-07-20T14:17:55","slug":"obchodujte-s-nami-nase-strategie","status":"publish","type":"page","link":"https:\/\/www.aosforex.com\/?page_id=2871","title":{"rendered":"Obchodujte s nami- na\u0161e strat\u00e9gie"},"content":{"rendered":"\t\t<div data-elementor-type=\"wp-page\" data-elementor-id=\"2871\" class=\"elementor elementor-2871\">\n\t\t\t\t<div class=\"elementor-element elementor-element-ab5b4e4 e-flex e-con-boxed e-con e-parent\" data-id=\"ab5b4e4\" data-element_type=\"container\" data-e-type=\"container\">\n\t\t\t\t\t<div class=\"e-con-inner\">\n\t\t\t\t<div class=\"elementor-element elementor-element-c04097d elementor-widget elementor-widget-image\" data-id=\"c04097d\" data-element_type=\"widget\" data-e-type=\"widget\" data-widget_type=\"image.default\">\n\t\t\t\t<div class=\"elementor-widget-container\">\n\t\t\t\t\t\t\t\t\t\t\t\t\t\t\t<img fetchpriority=\"high\" decoding=\"async\" width=\"1024\" height=\"137\" src=\"https:\/\/www.aosforex.com\/wp-content\/uploads\/2025\/02\/zaklady_tradingu_obchodujte-1024x137.jpg\" class=\"attachment-large size-large wp-image-2772\" alt=\"\" srcset=\"https:\/\/www.aosforex.com\/wp-content\/uploads\/2025\/02\/zaklady_tradingu_obchodujte-1024x137.jpg 1024w, https:\/\/www.aosforex.com\/wp-content\/uploads\/2025\/02\/zaklady_tradingu_obchodujte-300x40.jpg 300w, https:\/\/www.aosforex.com\/wp-content\/uploads\/2025\/02\/zaklady_tradingu_obchodujte-768x102.jpg 768w, https:\/\/www.aosforex.com\/wp-content\/uploads\/2025\/02\/zaklady_tradingu_obchodujte-600x80.jpg 600w, https:\/\/www.aosforex.com\/wp-content\/uploads\/2025\/02\/zaklady_tradingu_obchodujte.jpg 1050w\" sizes=\"(max-width: 1024px) 100vw, 1024px\" \/>\t\t\t\t\t\t\t\t\t\t\t\t\t\t\t<\/div>\n\t\t\t\t<\/div>\n\t\t\t\t\t<\/div>\n\t\t\t\t<\/div>\n\t\t<div class=\"elementor-element elementor-element-3d46cb4 e-flex e-con-boxed e-con e-parent\" data-id=\"3d46cb4\" data-element_type=\"container\" data-e-type=\"container\">\n\t\t\t\t\t<div class=\"e-con-inner\">\n\t\t\t\t<div class=\"elementor-element elementor-element-36f01a7 elementor-widget elementor-widget-text-editor\" data-id=\"36f01a7\" data-element_type=\"widget\" data-e-type=\"widget\" data-widget_type=\"text-editor.default\">\n\t\t\t\t<div class=\"elementor-widget-container\">\n\t\t\t\t\t\t\t\t\t<p>Pre mo\u017enos\u0165 pripojenia sa k strat\u00e9gi\u00e1m sa mus\u00edte zaregistrova\u0165 u <a href=\"https:\/\/www.purple-trading.com\/cs\" target=\"_blank\" rel=\"noopener\">Purple Trading<\/a> a z\u00edska\u0165 tak pr\u00edstup do ich tzv. <a href=\"https:\/\/zone.purple-trading.com\" target=\"_blank\" rel=\"noopener\">PurpleZone<\/a>. V tomto u\u017e\u00edvate\u013eskom prostred\u00ed m\u00e1te n\u00e1sledne v sekci\u00ed s n\u00e1zvom Strategie mo\u017enos\u0165 podrobne si pozrie\u0165 v\u0161etky dostupn\u00e9 strat\u00e9gie a n\u00e1js\u0165 aj tie na\u0161e.<\/p><p>Aktu\u00e1lne m\u00e1me akt\u00edvne dve strat\u00e9gie. S\u00fa to Choosy Trader a Choosy Trader VIP.<\/p>\t\t\t\t\t\t\t\t<\/div>\n\t\t\t\t<\/div>\n\t\t\t\t<div class=\"elementor-element elementor-element-e90b64a elementor-widget elementor-widget-image\" data-id=\"e90b64a\" data-element_type=\"widget\" data-e-type=\"widget\" data-widget_type=\"image.default\">\n\t\t\t\t<div class=\"elementor-widget-container\">\n\t\t\t\t\t\t\t\t\t\t\t\t\t\t\t<img decoding=\"async\" width=\"1024\" height=\"556\" src=\"https:\/\/www.aosforex.com\/wp-content\/uploads\/2025\/02\/Snimka-obrazovky-2025-02-16-125443_-1024x556.jpg\" class=\"attachment-large size-large wp-image-2886\" alt=\"\" srcset=\"https:\/\/www.aosforex.com\/wp-content\/uploads\/2025\/02\/Snimka-obrazovky-2025-02-16-125443_-1024x556.jpg 1024w, https:\/\/www.aosforex.com\/wp-content\/uploads\/2025\/02\/Snimka-obrazovky-2025-02-16-125443_-300x163.jpg 300w, https:\/\/www.aosforex.com\/wp-content\/uploads\/2025\/02\/Snimka-obrazovky-2025-02-16-125443_-768x417.jpg 768w, https:\/\/www.aosforex.com\/wp-content\/uploads\/2025\/02\/Snimka-obrazovky-2025-02-16-125443_-1536x834.jpg 1536w, https:\/\/www.aosforex.com\/wp-content\/uploads\/2025\/02\/Snimka-obrazovky-2025-02-16-125443_-600x326.jpg 600w, https:\/\/www.aosforex.com\/wp-content\/uploads\/2025\/02\/Snimka-obrazovky-2025-02-16-125443_.jpg 1735w\" sizes=\"(max-width: 1024px) 100vw, 1024px\" \/>\t\t\t\t\t\t\t\t\t\t\t\t\t\t\t<\/div>\n\t\t\t\t<\/div>\n\t\t\t\t\t<\/div>\n\t\t\t\t<\/div>\n\t\t<div class=\"elementor-element elementor-element-7a99a62 e-flex e-con-boxed e-con e-parent\" data-id=\"7a99a62\" data-element_type=\"container\" data-e-type=\"container\">\n\t\t\t\t\t<div class=\"e-con-inner\">\n\t\t\t\t<div class=\"elementor-element elementor-element-a0cb2b7 elementor-widget elementor-widget-text-editor\" data-id=\"a0cb2b7\" data-element_type=\"widget\" data-e-type=\"widget\" data-widget_type=\"text-editor.default\">\n\t\t\t\t<div class=\"elementor-widget-container\">\n\t\t\t\t\t\t\t\t\t<p>Po kliknut\u00ed na \u013eubovo\u013en\u00fa vybran\u00fa strat\u00e9giu m\u00e1te mo\u017enos\u0165 detailne presk\u00fama\u0165 jej v\u00fdkonnos\u0165, riziko, hist\u00f3riu a \u010fal\u0161ie parametre.\u00a0<\/p>\t\t\t\t\t\t\t\t<\/div>\n\t\t\t\t<\/div>\n\t\t\t\t\t<\/div>\n\t\t\t\t<\/div>\n\t\t<div class=\"elementor-element elementor-element-bfe844d e-flex e-con-boxed e-con e-parent\" data-id=\"bfe844d\" data-element_type=\"container\" data-e-type=\"container\">\n\t\t\t\t\t<div class=\"e-con-inner\">\n\t\t\t\t<div class=\"elementor-element elementor-element-01862f4 elementor-widget elementor-widget-image\" data-id=\"01862f4\" data-element_type=\"widget\" data-e-type=\"widget\" data-widget_type=\"image.default\">\n\t\t\t\t<div class=\"elementor-widget-container\">\n\t\t\t\t\t\t\t\t\t\t\t\t\t\t\t<img decoding=\"async\" width=\"983\" height=\"1024\" src=\"https:\/\/www.aosforex.com\/wp-content\/uploads\/2025\/07\/Snimka-obrazovky-2025-07-20-161646-983x1024.png\" class=\"attachment-large size-large wp-image-3511\" alt=\"\" srcset=\"https:\/\/www.aosforex.com\/wp-content\/uploads\/2025\/07\/Snimka-obrazovky-2025-07-20-161646-983x1024.png 983w, https:\/\/www.aosforex.com\/wp-content\/uploads\/2025\/07\/Snimka-obrazovky-2025-07-20-161646-288x300.png 288w, https:\/\/www.aosforex.com\/wp-content\/uploads\/2025\/07\/Snimka-obrazovky-2025-07-20-161646-768x800.png 768w, https:\/\/www.aosforex.com\/wp-content\/uploads\/2025\/07\/Snimka-obrazovky-2025-07-20-161646-600x625.png 600w, https:\/\/www.aosforex.com\/wp-content\/uploads\/2025\/07\/Snimka-obrazovky-2025-07-20-161646.png 1002w\" sizes=\"(max-width: 983px) 100vw, 983px\" \/>\t\t\t\t\t\t\t\t\t\t\t\t\t\t\t<\/div>\n\t\t\t\t<\/div>\n\t\t\t\t\t<\/div>\n\t\t\t\t<\/div>\n\t\t<div class=\"elementor-element elementor-element-5a406d0 e-flex e-con-boxed e-con e-parent\" data-id=\"5a406d0\" data-element_type=\"container\" data-e-type=\"container\">\n\t\t\t\t\t<div class=\"e-con-inner\">\n\t\t\t\t<div class=\"elementor-element elementor-element-226a7c2 elementor-widget elementor-widget-text-editor\" data-id=\"226a7c2\" data-element_type=\"widget\" data-e-type=\"widget\" data-widget_type=\"text-editor.default\">\n\t\t\t\t<div class=\"elementor-widget-container\">\n\t\t\t\t\t\t\t\t\t<p>V pr\u00edpade, \u017ee ste spokojn\u00ed s v\u00fdberom, m\u00e1te mo\u017enos\u0165 v\u013eavo hore klikn\u00fa\u0165 na tla\u010d\u00edtko &#8222;Pripojit se ke strategii&#8220;. Pripom\u00edname, \u017ee v\u00fdsledky z hist\u00f3rie nie s\u00fa z\u00e1rukou bud\u00facich zhodnoten\u00ed. N\u00e1\u0161 syst\u00e9m je stabiln\u00fd a pod\u013ea n\u00e1\u0161ho osobn\u00e9ho n\u00e1zoru je vysok\u00e1 pravdepodobnos\u0165, \u017ee v\u00fdsledky bud\u00fa podobn\u00e9 aj v bud\u00facnosti, zaru\u010di\u0165 V\u00e1m to v\u0161ak nevieme.<\/p>\t\t\t\t\t\t\t\t<\/div>\n\t\t\t\t<\/div>\n\t\t\t\t\t<\/div>\n\t\t\t\t<\/div>\n\t\t<div class=\"elementor-element elementor-element-b7e16d6 e-flex e-con-boxed e-con e-parent\" data-id=\"b7e16d6\" data-element_type=\"container\" data-e-type=\"container\">\n\t\t\t\t\t<div class=\"e-con-inner\">\n\t\t\t\t<div class=\"elementor-element elementor-element-577b41d elementor-widget elementor-widget-text-editor\" data-id=\"577b41d\" data-element_type=\"widget\" data-e-type=\"widget\" data-widget_type=\"text-editor.default\">\n\t\t\t\t<div class=\"elementor-widget-container\">\n\t\t\t\t\t\t\t\t\t<p>Podrobn\u00e9 inform\u00e1cie o na\u0161om obchodovan\u00ed na na\u0161ich osobn\u00fdch re\u00e1lnych \u00fa\u010dtoch n\u00e1jdete v sekci\u00ed <a href=\"https:\/\/www.aosforex.com\/?page_id=7\" target=\"_blank\" rel=\"noopener\">V\u00fdsledky<\/a>. Detaily obchodovania na Choosy Trader a Choosy Trader VIP si m\u00f4\u017eete pozrie\u0165 ni\u017e\u0161ie.<\/p>\t\t\t\t\t\t\t\t<\/div>\n\t\t\t\t<\/div>\n\t\t\t\t\t<\/div>\n\t\t\t\t<\/div>\n\t\t<div class=\"elementor-element elementor-element-c66e239 e-grid e-con-boxed e-con e-parent\" data-id=\"c66e239\" data-element_type=\"container\" data-e-type=\"container\">\n\t\t\t\t\t<div class=\"e-con-inner\">\n\t\t\t\t<div class=\"elementor-element elementor-element-3aafbe6 elementor-align-center elementor-widget elementor-widget-button\" data-id=\"3aafbe6\" data-element_type=\"widget\" data-e-type=\"widget\" data-widget_type=\"button.default\">\n\t\t\t\t<div class=\"elementor-widget-container\">\n\t\t\t\t\t\t\t\t\t<div class=\"elementor-button-wrapper\">\n\t\t\t\t\t<a class=\"elementor-button elementor-button-link elementor-size-sm\" href=\"https:\/\/www.aosforex.com\/?page_id=2901\">\n\t\t\t\t\t\t<span class=\"elementor-button-content-wrapper\">\n\t\t\t\t\t\t\t\t\t<span class=\"elementor-button-text\">Choosy Trader<\/span>\n\t\t\t\t\t<\/span>\n\t\t\t\t\t<\/a>\n\t\t\t\t<\/div>\n\t\t\t\t\t\t\t\t<\/div>\n\t\t\t\t<\/div>\n\t\t\t\t<div class=\"elementor-element elementor-element-a63e60e elementor-align-center elementor-widget elementor-widget-button\" data-id=\"a63e60e\" data-element_type=\"widget\" data-e-type=\"widget\" data-widget_type=\"button.default\">\n\t\t\t\t<div class=\"elementor-widget-container\">\n\t\t\t\t\t\t\t\t\t<div class=\"elementor-button-wrapper\">\n\t\t\t\t\t<a class=\"elementor-button elementor-button-link elementor-size-sm\" href=\"https:\/\/www.aosforex.com\/?page_id=2928\">\n\t\t\t\t\t\t<span class=\"elementor-button-content-wrapper\">\n\t\t\t\t\t\t\t\t\t<span class=\"elementor-button-text\">Choosy Trader VIP<\/span>\n\t\t\t\t\t<\/span>\n\t\t\t\t\t<\/a>\n\t\t\t\t<\/div>\n\t\t\t\t\t\t\t\t<\/div>\n\t\t\t\t<\/div>\n\t\t\t\t<div class=\"elementor-element elementor-element-ff37dff elementor-align-center elementor-widget elementor-widget-button\" data-id=\"ff37dff\" data-element_type=\"widget\" data-e-type=\"widget\" data-widget_type=\"button.default\">\n\t\t\t\t<div class=\"elementor-widget-container\">\n\t\t\t\t\t\t\t\t\t<div class=\"elementor-button-wrapper\">\n\t\t\t\t\t<a class=\"elementor-button elementor-button-link elementor-size-sm\" href=\"https:\/\/www.aosforex.com\/?page_id=2796\">\n\t\t\t\t\t\t<span class=\"elementor-button-content-wrapper\">\n\t\t\t\t\t\t<span class=\"elementor-button-icon\">\n\t\t\t\t<svg aria-hidden=\"true\" class=\"e-font-icon-svg e-fas-level-up-alt\" viewBox=\"0 0 320 512\" xmlns=\"http:\/\/www.w3.org\/2000\/svg\"><path d=\"M313.553 119.669L209.587 7.666c-9.485-10.214-25.676-10.229-35.174 0L70.438 119.669C56.232 134.969 67.062 160 88.025 160H152v272H68.024a11.996 11.996 0 0 0-8.485 3.515l-56 56C-4.021 499.074 1.333 512 12.024 512H208c13.255 0 24-10.745 24-24V160h63.966c20.878 0 31.851-24.969 17.587-40.331z\"><\/path><\/svg>\t\t\t<\/span>\n\t\t\t\t\t\t\t\t\t<span class=\"elementor-button-text\">Sp\u00e4\u0165<\/span>\n\t\t\t\t\t<\/span>\n\t\t\t\t\t<\/a>\n\t\t\t\t<\/div>\n\t\t\t\t\t\t\t\t<\/div>\n\t\t\t\t<\/div>\n\t\t\t\t\t<\/div>\n\t\t\t\t<\/div>\n\t\t\t\t<\/div>\n\t\t","protected":false},"excerpt":{"rendered":"<p>Pre mo\u017enos\u0165 pripojenia sa k strat\u00e9gi\u00e1m sa mus\u00edte zaregistrova\u0165 u Purple Trading a z\u00edska\u0165 tak pr\u00edstup do ich tzv. PurpleZone. V tomto u\u017e\u00edvate\u013eskom prostred\u00ed m\u00e1te n\u00e1sledne v sekci\u00ed s n\u00e1zvom Strategie mo\u017enos\u0165 podrobne si pozrie\u0165 v\u0161etky dostupn\u00e9 strat\u00e9gie a n\u00e1js\u0165 aj tie na\u0161e. Aktu\u00e1lne m\u00e1me akt\u00edvne dve strat\u00e9gie. S\u00fa to Choosy Trader a Choosy Trader &#8230; <a title=\"Obchodujte s nami- na\u0161e strat\u00e9gie\" class=\"read-more\" href=\"https:\/\/www.aosforex.com\/?page_id=2871\" aria-label=\"Pre\u010d\u00edtajte si viac o Obchodujte s nami- na\u0161e strat\u00e9gie\">\u010c\u00edta\u0165 viac<\/a><\/p>\n","protected":false},"author":1,"featured_media":0,"parent":0,"menu_order":0,"comment_status":"closed","ping_status":"closed","template":"","meta":{"footnotes":""},"class_list":["post-2871","page","type-page","status-publish"],"_links":{"self":[{"href":"https:\/\/www.aosforex.com\/index.php?rest_route=\/wp\/v2\/pages\/2871","targetHints":{"allow":["GET"]}}],"collection":[{"href":"https:\/\/www.aosforex.com\/index.php?rest_route=\/wp\/v2\/pages"}],"about":[{"href":"https:\/\/www.aosforex.com\/index.php?rest_route=\/wp\/v2\/types\/page"}],"author":[{"embeddable":true,"href":"https:\/\/www.aosforex.com\/index.php?rest_route=\/wp\/v2\/users\/1"}],"replies":[{"embeddable":true,"href":"https:\/\/www.aosforex.com\/index.php?rest_route=%2Fwp%2Fv2%2Fcomments&post=2871"}],"version-history":[{"count":58,"href":"https:\/\/www.aosforex.com\/index.php?rest_route=\/wp\/v2\/pages\/2871\/revisions"}],"predecessor-version":[{"id":3514,"href":"https:\/\/www.aosforex.com\/index.php?rest_route=\/wp\/v2\/pages\/2871\/revisions\/3514"}],"wp:attachment":[{"href":"https:\/\/www.aosforex.com\/index.php?rest_route=%2Fwp%2Fv2%2Fmedia&parent=2871"}],"curies":[{"name":"wp","href":"https:\/\/api.w.org\/{rel}","templated":true}]}}