{"id":2796,"date":"2025-02-16T09:42:04","date_gmt":"2025-02-16T08:42:04","guid":{"rendered":"https:\/\/www.aosforex.com\/?page_id=2796"},"modified":"2025-07-27T14:36:06","modified_gmt":"2025-07-27T12:36:06","slug":"obchodujte-s-nami","status":"publish","type":"page","link":"https:\/\/www.aosforex.com\/?page_id=2796","title":{"rendered":"Obchodujte s nami"},"content":{"rendered":"\t\t<div data-elementor-type=\"wp-page\" data-elementor-id=\"2796\" class=\"elementor elementor-2796\">\n\t\t\t\t<div class=\"elementor-element elementor-element-8bfb294 e-flex e-con-boxed e-con e-parent\" data-id=\"8bfb294\" data-element_type=\"container\" data-e-type=\"container\">\n\t\t\t\t\t<div class=\"e-con-inner\">\n\t\t\t\t<div class=\"elementor-element elementor-element-3e09626 elementor-widget elementor-widget-image\" data-id=\"3e09626\" data-element_type=\"widget\" data-e-type=\"widget\" data-widget_type=\"image.default\">\n\t\t\t\t<div class=\"elementor-widget-container\">\n\t\t\t\t\t\t\t\t\t\t\t\t\t\t\t<img fetchpriority=\"high\" decoding=\"async\" width=\"1024\" height=\"137\" src=\"https:\/\/www.aosforex.com\/wp-content\/uploads\/2025\/02\/zaklady_tradingu_obchodujte-1024x137.jpg\" class=\"attachment-large size-large wp-image-2772\" alt=\"\" srcset=\"https:\/\/www.aosforex.com\/wp-content\/uploads\/2025\/02\/zaklady_tradingu_obchodujte-1024x137.jpg 1024w, https:\/\/www.aosforex.com\/wp-content\/uploads\/2025\/02\/zaklady_tradingu_obchodujte-300x40.jpg 300w, https:\/\/www.aosforex.com\/wp-content\/uploads\/2025\/02\/zaklady_tradingu_obchodujte-768x102.jpg 768w, https:\/\/www.aosforex.com\/wp-content\/uploads\/2025\/02\/zaklady_tradingu_obchodujte-600x80.jpg 600w, https:\/\/www.aosforex.com\/wp-content\/uploads\/2025\/02\/zaklady_tradingu_obchodujte.jpg 1050w\" sizes=\"(max-width: 1024px) 100vw, 1024px\" \/>\t\t\t\t\t\t\t\t\t\t\t\t\t\t\t<\/div>\n\t\t\t\t<\/div>\n\t\t\t\t\t<\/div>\n\t\t\t\t<\/div>\n\t\t<div class=\"elementor-element elementor-element-8428e96 e-flex e-con-boxed e-con e-parent\" data-id=\"8428e96\" data-element_type=\"container\" data-e-type=\"container\">\n\t\t\t\t\t<div class=\"e-con-inner\">\n\t\t\t\t<div class=\"elementor-element elementor-element-469bccb elementor-widget elementor-widget-text-editor\" data-id=\"469bccb\" data-element_type=\"widget\" data-e-type=\"widget\" data-widget_type=\"text-editor.default\">\n\t\t\t\t<div class=\"elementor-widget-container\">\n\t\t\t\t\t\t\t\t\t<p>Mo\u017enos\u0165 ako sa prida\u0165 ku n\u00e1m a participova\u0165 na na\u0161ich v\u00fdsledkoch je prostredn\u00edctvom spolo\u010dnosti <a href=\"https:\/\/www.purple-trading.com\/cs\/\" target=\"_blank\" rel=\"noopener\">Purple trading<\/a> ve\u013emi jednoduch\u00e1 a plne transparentn\u00e1. Z\u00e1rove\u0148 ich investorsk\u00e9 prostredie sp\u013a\u0148a v\u0161etky leg\u00e1lne n\u00e1le\u017eitosti a garancie. I ke\u010f sa jedn\u00e1 o pomerne jednoduch\u00fd sp\u00f4sob pripojenia sa ku n\u00e1m, mus\u00edte r\u00e1ta\u0165 s faktom, \u017ee je potrebn\u00e9 sa u spolo\u010dnosti Purple Trading zaregistrova\u0165, vyplni\u0165 dotazn\u00edky, vlo\u017ei\u0165 na V\u00e1\u0161 \u00fa\u010det peniaze a a\u017e potom sa m\u00f4\u017eete pripoji\u0165 k \u013eubovo\u013enej strat\u00e9gii.<\/p>\t\t\t\t\t\t\t\t<\/div>\n\t\t\t\t<\/div>\n\t\t\t\t<div class=\"elementor-element elementor-element-baa781d elementor-widget elementor-widget-image\" data-id=\"baa781d\" data-element_type=\"widget\" data-e-type=\"widget\" data-widget_type=\"image.default\">\n\t\t\t\t<div class=\"elementor-widget-container\">\n\t\t\t\t\t\t\t\t\t\t\t\t\t\t\t\t<a href=\"https:\/\/www.purple-trading.com\/cs\" target=\"_blank\">\n\t\t\t\t\t\t\t<img decoding=\"async\" width=\"227\" height=\"69\" src=\"https:\/\/www.aosforex.com\/wp-content\/uploads\/2025\/02\/Snimka-obrazovky-2025-02-16-110811.png\" class=\"attachment-large size-large wp-image-2850\" alt=\"\" \/>\t\t\t\t\t\t\t\t<\/a>\n\t\t\t\t\t\t\t\t\t\t\t\t\t\t\t<\/div>\n\t\t\t\t<\/div>\n\t\t\t\t<div class=\"elementor-element elementor-element-75f2ce2 elementor-widget elementor-widget-text-editor\" data-id=\"75f2ce2\" data-element_type=\"widget\" data-e-type=\"widget\" data-widget_type=\"text-editor.default\">\n\t\t\t\t<div class=\"elementor-widget-container\">\n\t\t\t\t\t\t\t\t\t<p><span style=\"color: var( --e-global-color-text ); font-family: var( --e-global-typography-text-font-family ), Sans-serif; font-weight: var( --e-global-typography-text-font-weight ); background-color: var(--base-3);\">Ako na to? V\u0161etko d\u00f4le\u017eit\u00e9 n\u00e1jdete priamo na ich str\u00e1nkach. Pre jednoduch\u00e9 vyh\u013eadanie toho, \u010do potrebujete vedie\u0165 m\u00f4\u017eete pou\u017ei\u0165 aj odkazy ni\u017e\u0161ie.<\/span><\/p>\t\t\t\t\t\t\t\t<\/div>\n\t\t\t\t<\/div>\n\t\t\t\t\t<\/div>\n\t\t\t\t<\/div>\n\t\t<div class=\"elementor-element elementor-element-95ce357 e-grid e-con-boxed e-con e-parent\" data-id=\"95ce357\" data-element_type=\"container\" data-e-type=\"container\">\n\t\t\t\t\t<div class=\"e-con-inner\">\n\t\t\t\t<div class=\"elementor-element elementor-element-0f728b8 elementor-widget elementor-widget-text-editor\" data-id=\"0f728b8\" data-element_type=\"widget\" data-e-type=\"widget\" data-widget_type=\"text-editor.default\">\n\t\t\t\t<div class=\"elementor-widget-container\">\n\t\t\t\t\t\t\t\t\t<p style=\"text-align: center;\">\u00a0<\/p><p style=\"text-align: center;\">Kr\u00e1\u010dajte v stop\u00e1ch Strategy Providerov<\/p>\t\t\t\t\t\t\t\t<\/div>\n\t\t\t\t<\/div>\n\t\t\t\t<div class=\"elementor-element elementor-element-11f57ad elementor-widget elementor-widget-image\" data-id=\"11f57ad\" data-element_type=\"widget\" data-e-type=\"widget\" data-widget_type=\"image.default\">\n\t\t\t\t<div class=\"elementor-widget-container\">\n\t\t\t\t\t\t\t\t\t\t\t\t\t\t\t\t<a href=\"https:\/\/www.purple-trading.com\/cs\/investor\/\" target=\"_blank\">\n\t\t\t\t\t\t\t<img decoding=\"async\" width=\"1024\" height=\"475\" src=\"https:\/\/www.aosforex.com\/wp-content\/uploads\/2025\/02\/Snimka-obrazovky-2025-02-16-100435-1024x475.png\" class=\"attachment-large size-large wp-image-2812\" alt=\"\" srcset=\"https:\/\/www.aosforex.com\/wp-content\/uploads\/2025\/02\/Snimka-obrazovky-2025-02-16-100435-1024x475.png 1024w, https:\/\/www.aosforex.com\/wp-content\/uploads\/2025\/02\/Snimka-obrazovky-2025-02-16-100435-300x139.png 300w, https:\/\/www.aosforex.com\/wp-content\/uploads\/2025\/02\/Snimka-obrazovky-2025-02-16-100435-768x356.png 768w, https:\/\/www.aosforex.com\/wp-content\/uploads\/2025\/02\/Snimka-obrazovky-2025-02-16-100435-600x278.png 600w, https:\/\/www.aosforex.com\/wp-content\/uploads\/2025\/02\/Snimka-obrazovky-2025-02-16-100435.png 1385w\" sizes=\"(max-width: 1024px) 100vw, 1024px\" \/>\t\t\t\t\t\t\t\t<\/a>\n\t\t\t\t\t\t\t\t\t\t\t\t\t\t\t<\/div>\n\t\t\t\t<\/div>\n\t\t\t\t<div class=\"elementor-element elementor-element-5d1e4bd elementor-widget elementor-widget-text-editor\" data-id=\"5d1e4bd\" data-element_type=\"widget\" data-e-type=\"widget\" data-widget_type=\"text-editor.default\">\n\t\t\t\t<div class=\"elementor-widget-container\">\n\t\t\t\t\t\t\t\t\t<p>\u00a0<\/p><p style=\"text-align: center;\">V\u0161etky mo\u017en\u00e9 ot\u00e1zky a odpovede o investi\u010dn\u00fdch strat\u00e9gi\u00e1ch<\/p>\t\t\t\t\t\t\t\t<\/div>\n\t\t\t\t<\/div>\n\t\t\t\t<div class=\"elementor-element elementor-element-45192fe elementor-widget elementor-widget-image\" data-id=\"45192fe\" data-element_type=\"widget\" data-e-type=\"widget\" data-widget_type=\"image.default\">\n\t\t\t\t<div class=\"elementor-widget-container\">\n\t\t\t\t\t\t\t\t\t\t\t\t\t\t\t\t<a href=\"https:\/\/www.purple-trading.com\/cs\/faq\/investicni-strategie\/\" target=\"_blank\">\n\t\t\t\t\t\t\t<img loading=\"lazy\" decoding=\"async\" width=\"1024\" height=\"648\" src=\"https:\/\/www.aosforex.com\/wp-content\/uploads\/2025\/02\/Snimka-obrazovky-2025-02-16-103440-1024x648.png\" class=\"attachment-large size-large wp-image-2821\" alt=\"\" srcset=\"https:\/\/www.aosforex.com\/wp-content\/uploads\/2025\/02\/Snimka-obrazovky-2025-02-16-103440-1024x648.png 1024w, https:\/\/www.aosforex.com\/wp-content\/uploads\/2025\/02\/Snimka-obrazovky-2025-02-16-103440-300x190.png 300w, https:\/\/www.aosforex.com\/wp-content\/uploads\/2025\/02\/Snimka-obrazovky-2025-02-16-103440-768x486.png 768w, https:\/\/www.aosforex.com\/wp-content\/uploads\/2025\/02\/Snimka-obrazovky-2025-02-16-103440-600x380.png 600w, https:\/\/www.aosforex.com\/wp-content\/uploads\/2025\/02\/Snimka-obrazovky-2025-02-16-103440.png 1071w\" sizes=\"(max-width: 1024px) 100vw, 1024px\" \/>\t\t\t\t\t\t\t\t<\/a>\n\t\t\t\t\t\t\t\t\t\t\t\t\t\t\t<\/div>\n\t\t\t\t<\/div>\n\t\t\t\t<div class=\"elementor-element elementor-element-560f4b2 elementor-widget elementor-widget-text-editor\" data-id=\"560f4b2\" data-element_type=\"widget\" data-e-type=\"widget\" data-widget_type=\"text-editor.default\">\n\t\t\t\t<div class=\"elementor-widget-container\">\n\t\t\t\t\t\t\t\t\t<p style=\"text-align: center;\">\u00a0YouTube video spolo\u010dnosti Purple Trading s preh\u013eadom o strat\u00e9gi\u00e1ch a ako s nimi pracova\u0165<\/p><p style=\"text-align: center;\">*<em>doporu\u010dujeme zvoli\u0165 mo\u017enos\u0165 pozrie\u0165 na Youtube<\/em><\/p>\t\t\t\t\t\t\t\t<\/div>\n\t\t\t\t<\/div>\n\t\t\t\t<div class=\"elementor-element elementor-element-d144f69 elementor-widget elementor-widget-video\" data-id=\"d144f69\" data-element_type=\"widget\" data-e-type=\"widget\" data-settings=\"{&quot;youtube_url&quot;:&quot;https:\\\/\\\/www.youtube.com\\\/watch?v=kppThICJsfY&quot;,&quot;video_type&quot;:&quot;youtube&quot;,&quot;controls&quot;:&quot;yes&quot;}\" data-widget_type=\"video.default\">\n\t\t\t\t<div class=\"elementor-widget-container\">\n\t\t\t\t\t\t\t<div class=\"elementor-wrapper elementor-open-inline\">\n\t\t\t<div class=\"elementor-video\"><\/div>\t\t<\/div>\n\t\t\t\t\t\t<\/div>\n\t\t\t\t<\/div>\n\t\t\t\t\t<\/div>\n\t\t\t\t<\/div>\n\t\t<div class=\"elementor-element elementor-element-be0a37c e-flex e-con-boxed e-con e-parent\" data-id=\"be0a37c\" data-element_type=\"container\" data-e-type=\"container\">\n\t\t\t\t\t<div class=\"e-con-inner\">\n\t\t\t\t<div class=\"elementor-element elementor-element-be3dd6f elementor-widget elementor-widget-text-editor\" data-id=\"be3dd6f\" data-element_type=\"widget\" data-e-type=\"widget\" data-widget_type=\"text-editor.default\">\n\t\t\t\t<div class=\"elementor-widget-container\">\n\t\t\t\t\t\t\t\t\t<p>Na str\u00e1nkach spolo\u010dnosti Purple Trading je mno\u017estvo strat\u00e9gi\u00ed a Vy si m\u00f4\u017eete vybra\u0165 \u013eubovo\u013ene pod\u013ea Vami zvolen\u00fdch krit\u00e9ri\u00ed. Budeme samozrejme radi, ke\u010f si vyberiete jednu z na\u0161ich strat\u00e9gii.<\/p>\t\t\t\t\t\t\t\t<\/div>\n\t\t\t\t<\/div>\n\t\t\t\t\t<\/div>\n\t\t\t\t<\/div>\n\t\t<div class=\"elementor-element elementor-element-f33b55f e-grid e-con-boxed e-con e-parent\" data-id=\"f33b55f\" data-element_type=\"container\" data-e-type=\"container\">\n\t\t\t\t\t<div class=\"e-con-inner\">\n\t\t\t\t<div class=\"elementor-element elementor-element-619e468 elementor-align-center elementor-widget elementor-widget-button\" data-id=\"619e468\" data-element_type=\"widget\" data-e-type=\"widget\" data-widget_type=\"button.default\">\n\t\t\t\t<div class=\"elementor-widget-container\">\n\t\t\t\t\t\t\t\t\t<div class=\"elementor-button-wrapper\">\n\t\t\t\t\t<a class=\"elementor-button elementor-button-link elementor-size-sm\" href=\"https:\/\/www.aosforex.com\/?page_id=2871\">\n\t\t\t\t\t\t<span class=\"elementor-button-content-wrapper\">\n\t\t\t\t\t\t\t\t\t<span class=\"elementor-button-text\">Na\u0161e strat\u00e9gie v ponuke Purple Trading<\/span>\n\t\t\t\t\t<\/span>\n\t\t\t\t\t<\/a>\n\t\t\t\t<\/div>\n\t\t\t\t\t\t\t\t<\/div>\n\t\t\t\t<\/div>\n\t\t\t\t<div class=\"elementor-element elementor-element-83386ce elementor-align-center elementor-widget elementor-widget-button\" data-id=\"83386ce\" data-element_type=\"widget\" data-e-type=\"widget\" data-widget_type=\"button.default\">\n\t\t\t\t<div class=\"elementor-widget-container\">\n\t\t\t\t\t\t\t\t\t<div class=\"elementor-button-wrapper\">\n\t\t\t\t\t<a class=\"elementor-button elementor-button-link elementor-size-sm\" href=\"https:\/\/www.aosforex.com\/?page_id=2695\">\n\t\t\t\t\t\t<span class=\"elementor-button-content-wrapper\">\n\t\t\t\t\t\t<span class=\"elementor-button-icon\">\n\t\t\t\t<svg aria-hidden=\"true\" class=\"e-font-icon-svg e-fas-level-up-alt\" viewBox=\"0 0 320 512\" xmlns=\"http:\/\/www.w3.org\/2000\/svg\"><path d=\"M313.553 119.669L209.587 7.666c-9.485-10.214-25.676-10.229-35.174 0L70.438 119.669C56.232 134.969 67.062 160 88.025 160H152v272H68.024a11.996 11.996 0 0 0-8.485 3.515l-56 56C-4.021 499.074 1.333 512 12.024 512H208c13.255 0 24-10.745 24-24V160h63.966c20.878 0 31.851-24.969 17.587-40.331z\"><\/path><\/svg>\t\t\t<\/span>\n\t\t\t\t\t\t\t\t\t<span class=\"elementor-button-text\">Sp\u00e4\u0165 <\/span>\n\t\t\t\t\t<\/span>\n\t\t\t\t\t<\/a>\n\t\t\t\t<\/div>\n\t\t\t\t\t\t\t\t<\/div>\n\t\t\t\t<\/div>\n\t\t\t\t\t<\/div>\n\t\t\t\t<\/div>\n\t\t\t\t<\/div>\n\t\t","protected":false},"excerpt":{"rendered":"<p>Mo\u017enos\u0165 ako sa prida\u0165 ku n\u00e1m a participova\u0165 na na\u0161ich v\u00fdsledkoch je prostredn\u00edctvom spolo\u010dnosti Purple trading ve\u013emi jednoduch\u00e1 a plne transparentn\u00e1. Z\u00e1rove\u0148 ich investorsk\u00e9 prostredie sp\u013a\u0148a v\u0161etky leg\u00e1lne n\u00e1le\u017eitosti a garancie. I ke\u010f sa jedn\u00e1 o pomerne jednoduch\u00fd sp\u00f4sob pripojenia sa ku n\u00e1m, mus\u00edte r\u00e1ta\u0165 s faktom, \u017ee je potrebn\u00e9 sa u spolo\u010dnosti Purple Trading &#8230; <a title=\"Obchodujte s nami\" class=\"read-more\" href=\"https:\/\/www.aosforex.com\/?page_id=2796\" aria-label=\"Pre\u010d\u00edtajte si viac o Obchodujte s nami\">\u010c\u00edta\u0165 viac<\/a><\/p>\n","protected":false},"author":1,"featured_media":0,"parent":0,"menu_order":0,"comment_status":"closed","ping_status":"closed","template":"","meta":{"footnotes":""},"class_list":["post-2796","page","type-page","status-publish"],"_links":{"self":[{"href":"https:\/\/www.aosforex.com\/index.php?rest_route=\/wp\/v2\/pages\/2796","targetHints":{"allow":["GET"]}}],"collection":[{"href":"https:\/\/www.aosforex.com\/index.php?rest_route=\/wp\/v2\/pages"}],"about":[{"href":"https:\/\/www.aosforex.com\/index.php?rest_route=\/wp\/v2\/types\/page"}],"author":[{"embeddable":true,"href":"https:\/\/www.aosforex.com\/index.php?rest_route=\/wp\/v2\/users\/1"}],"replies":[{"embeddable":true,"href":"https:\/\/www.aosforex.com\/index.php?rest_route=%2Fwp%2Fv2%2Fcomments&post=2796"}],"version-history":[{"count":91,"href":"https:\/\/www.aosforex.com\/index.php?rest_route=\/wp\/v2\/pages\/2796\/revisions"}],"predecessor-version":[{"id":3643,"href":"https:\/\/www.aosforex.com\/index.php?rest_route=\/wp\/v2\/pages\/2796\/revisions\/3643"}],"wp:attachment":[{"href":"https:\/\/www.aosforex.com\/index.php?rest_route=%2Fwp%2Fv2%2Fmedia&parent=2796"}],"curies":[{"name":"wp","href":"https:\/\/api.w.org\/{rel}","templated":true}]}}