{"id":2740,"date":"2025-01-01T20:41:00","date_gmt":"2025-01-01T19:41:00","guid":{"rendered":"https:\/\/www.aosforex.com\/?page_id=2740"},"modified":"2025-02-17T11:33:57","modified_gmt":"2025-02-17T10:33:57","slug":"kontakt","status":"publish","type":"page","link":"https:\/\/www.aosforex.com\/?page_id=2740","title":{"rendered":"Kontakt"},"content":{"rendered":"\t\t<div data-elementor-type=\"wp-page\" data-elementor-id=\"2740\" class=\"elementor elementor-2740\">\n\t\t\t\t<div class=\"elementor-element elementor-element-217e5f1 e-flex e-con-boxed e-con e-parent\" data-id=\"217e5f1\" data-element_type=\"container\" data-e-type=\"container\">\n\t\t\t\t\t<div class=\"e-con-inner\">\n\t\t\t\t<div class=\"elementor-element elementor-element-6144179 elementor-widget elementor-widget-image\" data-id=\"6144179\" data-element_type=\"widget\" data-e-type=\"widget\" data-widget_type=\"image.default\">\n\t\t\t\t<div class=\"elementor-widget-container\">\n\t\t\t\t\t\t\t\t\t\t\t\t\t\t\t<img fetchpriority=\"high\" decoding=\"async\" width=\"1024\" height=\"137\" src=\"https:\/\/www.aosforex.com\/wp-content\/uploads\/2025\/02\/zaklady_tradingu_kontakt-1024x137.jpg\" class=\"attachment-large size-large wp-image-2743\" alt=\"\" srcset=\"https:\/\/www.aosforex.com\/wp-content\/uploads\/2025\/02\/zaklady_tradingu_kontakt-1024x137.jpg 1024w, https:\/\/www.aosforex.com\/wp-content\/uploads\/2025\/02\/zaklady_tradingu_kontakt-300x40.jpg 300w, https:\/\/www.aosforex.com\/wp-content\/uploads\/2025\/02\/zaklady_tradingu_kontakt-768x102.jpg 768w, https:\/\/www.aosforex.com\/wp-content\/uploads\/2025\/02\/zaklady_tradingu_kontakt-600x80.jpg 600w, https:\/\/www.aosforex.com\/wp-content\/uploads\/2025\/02\/zaklady_tradingu_kontakt.jpg 1050w\" sizes=\"(max-width: 1024px) 100vw, 1024px\" \/>\t\t\t\t\t\t\t\t\t\t\t\t\t\t\t<\/div>\n\t\t\t\t<\/div>\n\t\t\t\t\t<\/div>\n\t\t\t\t<\/div>\n\t\t<div class=\"elementor-element elementor-element-e333b09 e-grid e-con-boxed e-con e-parent\" data-id=\"e333b09\" data-element_type=\"container\" data-e-type=\"container\">\n\t\t\t\t\t<div class=\"e-con-inner\">\n\t\t<div class=\"elementor-element elementor-element-bca1d1d e-flex e-con-boxed e-con e-child\" data-id=\"bca1d1d\" data-element_type=\"container\" data-e-type=\"container\">\n\t\t\t\t\t<div class=\"e-con-inner\">\n\t\t\t\t<div class=\"elementor-element elementor-element-175ece9 elementor-widget elementor-widget-image\" data-id=\"175ece9\" data-element_type=\"widget\" data-e-type=\"widget\" data-widget_type=\"image.default\">\n\t\t\t\t<div class=\"elementor-widget-container\">\n\t\t\t\t\t\t\t\t\t\t\t\t\t\t\t\t<a href=\"https:\/\/www.aosforex.com\/?page_id=2740\" target=\"_blank\">\n\t\t\t\t\t\t\t<img decoding=\"async\" width=\"337\" height=\"450\" src=\"https:\/\/www.aosforex.com\/wp-content\/uploads\/2024\/03\/Brano_uvod.jpg\" class=\"attachment-large size-large wp-image-849\" alt=\"\" srcset=\"https:\/\/www.aosforex.com\/wp-content\/uploads\/2024\/03\/Brano_uvod.jpg 337w, https:\/\/www.aosforex.com\/wp-content\/uploads\/2024\/03\/Brano_uvod-225x300.jpg 225w\" sizes=\"(max-width: 337px) 100vw, 337px\" \/>\t\t\t\t\t\t\t\t<\/a>\n\t\t\t\t\t\t\t\t\t\t\t\t\t\t\t<\/div>\n\t\t\t\t<\/div>\n\t\t\t\t<div class=\"elementor-element elementor-element-ca1080c elementor-widget elementor-widget-heading\" data-id=\"ca1080c\" data-element_type=\"widget\" data-e-type=\"widget\" data-widget_type=\"heading.default\">\n\t\t\t\t<div class=\"elementor-widget-container\">\n\t\t\t\t\t<h3 class=\"elementor-heading-title elementor-size-default\">Ing. Bra\u0148o Hrt\u00e1nek<\/h3>\t\t\t\t<\/div>\n\t\t\t\t<\/div>\n\t\t\t\t<div class=\"elementor-element elementor-element-89b2494 elementor-widget-divider--view-line elementor-widget elementor-widget-divider\" data-id=\"89b2494\" data-element_type=\"widget\" data-e-type=\"widget\" data-widget_type=\"divider.default\">\n\t\t\t\t<div class=\"elementor-widget-container\">\n\t\t\t\t\t\t\t<div class=\"elementor-divider\">\n\t\t\t<span class=\"elementor-divider-separator\">\n\t\t\t\t\t\t<\/span>\n\t\t<\/div>\n\t\t\t\t\t\t<\/div>\n\t\t\t\t<\/div>\n\t\t\t\t<div class=\"elementor-element elementor-element-cc20648 elementor-widget elementor-widget-text-editor\" data-id=\"cc20648\" data-element_type=\"widget\" data-e-type=\"widget\" data-widget_type=\"text-editor.default\">\n\t\t\t\t<div class=\"elementor-widget-container\">\n\t\t\t\t\t\t\t\t\t<p>\u00a0<strong>Email: info@aosforex.com<\/strong><\/p>\t\t\t\t\t\t\t\t<\/div>\n\t\t\t\t<\/div>\n\t\t\t\t<div class=\"elementor-element elementor-element-2ec1433 elementor-widget elementor-widget-text-editor\" data-id=\"2ec1433\" data-element_type=\"widget\" data-e-type=\"widget\" data-widget_type=\"text-editor.default\">\n\t\t\t\t<div class=\"elementor-widget-container\">\n\t\t\t\t\t\t\t\t\t<p style=\"text-align: center;\"><strong>Tel.: +421 915 707 037<\/strong><\/p>\t\t\t\t\t\t\t\t<\/div>\n\t\t\t\t<\/div>\n\t\t\t\t\t<\/div>\n\t\t\t\t<\/div>\n\t\t\t\t<div class=\"elementor-element elementor-element-6f3bcb6 elementor-widget elementor-widget-text-editor\" data-id=\"6f3bcb6\" data-element_type=\"widget\" data-e-type=\"widget\" data-widget_type=\"text-editor.default\">\n\t\t\t\t<div class=\"elementor-widget-container\">\n\t\t\t\t\t\t\t\t\t<p class=\"wnd-align-justify\" style=\"text-align: center;\">V pr\u00edpade ak\u00fdchko\u013evek ot\u00e1zok n\u00e1s bez ob\u00e1v kontaktujte.&nbsp;<\/p>\n<p class=\"wnd-align-justify\" style=\"text-align: center;\">Na emaily reagujeme priebe\u017ene. Bu\u010fte, pros\u00edme V\u00e1s, trpezliv\u00ed.<\/p><p class=\"wnd-align-justify\" style=\"text-align: center;\"><span style=\"color: var( --e-global-color-text ); font-family: var( --e-global-typography-text-font-family ), Sans-serif; font-weight: var( --e-global-typography-text-font-weight ); background-color: var(--base-3);\">Telefonicky je Ivo k dispoz\u00edcii be\u017ene aj po\u010das d\u0148a. Bra\u0148o V\u00e1m zavol\u00e1 nesk\u00f4r nasp\u00e4\u0165.<\/span><\/p><p class=\"wnd-align-justify\" style=\"text-align: center;\"><span style=\"color: var( --e-global-color-text ); font-family: var( --e-global-typography-text-font-family ), Sans-serif; font-weight: var( --e-global-typography-text-font-weight ); background-color: var(--base-3);\">\u010eakujeme za spolupr\u00e1cu a porozumenie.<\/span><\/p>\t\t\t\t\t\t\t\t<\/div>\n\t\t\t\t<\/div>\n\t\t<div class=\"elementor-element elementor-element-43e78bc e-flex e-con-boxed e-con e-child\" data-id=\"43e78bc\" data-element_type=\"container\" data-e-type=\"container\">\n\t\t\t\t\t<div class=\"e-con-inner\">\n\t\t\t\t<div class=\"elementor-element elementor-element-ac31ab0 elementor-widget elementor-widget-image\" data-id=\"ac31ab0\" data-element_type=\"widget\" data-e-type=\"widget\" data-widget_type=\"image.default\">\n\t\t\t\t<div class=\"elementor-widget-container\">\n\t\t\t\t\t\t\t\t\t\t\t\t\t\t\t<img decoding=\"async\" src=\"https:\/\/www.aosforex.com\/wp-content\/uploads\/2024\/03\/Ivo_obr_profil_.jpg\" title=\"Ivo_obr_profil_\" alt=\"Ivo_obr_profil_\" loading=\"lazy\" \/>\t\t\t\t\t\t\t\t\t\t\t\t\t\t\t<\/div>\n\t\t\t\t<\/div>\n\t\t\t\t<div class=\"elementor-element elementor-element-cc154e4 elementor-widget elementor-widget-heading\" data-id=\"cc154e4\" data-element_type=\"widget\" data-e-type=\"widget\" data-widget_type=\"heading.default\">\n\t\t\t\t<div class=\"elementor-widget-container\">\n\t\t\t\t\t<h3 class=\"elementor-heading-title elementor-size-default\">Ing. Ivo Mika\u010d\n\n<\/h3>\t\t\t\t<\/div>\n\t\t\t\t<\/div>\n\t\t\t\t<div class=\"elementor-element elementor-element-507d019 elementor-widget-divider--view-line elementor-widget elementor-widget-divider\" data-id=\"507d019\" data-element_type=\"widget\" data-e-type=\"widget\" data-widget_type=\"divider.default\">\n\t\t\t\t<div class=\"elementor-widget-container\">\n\t\t\t\t\t\t\t<div class=\"elementor-divider\">\n\t\t\t<span class=\"elementor-divider-separator\">\n\t\t\t\t\t\t<\/span>\n\t\t<\/div>\n\t\t\t\t\t\t<\/div>\n\t\t\t\t<\/div>\n\t\t\t\t<div class=\"elementor-element elementor-element-7808d7a elementor-widget elementor-widget-text-editor\" data-id=\"7808d7a\" data-element_type=\"widget\" data-e-type=\"widget\" data-widget_type=\"text-editor.default\">\n\t\t\t\t<div class=\"elementor-widget-container\">\n\t\t\t\t\t\t\t\t\t<p style=\"text-align: center;\"><strong>Email: ivo@mikac.cz<\/strong><\/p>\t\t\t\t\t\t\t\t<\/div>\n\t\t\t\t<\/div>\n\t\t\t\t<div class=\"elementor-element elementor-element-436c470 elementor-widget elementor-widget-text-editor\" data-id=\"436c470\" data-element_type=\"widget\" data-e-type=\"widget\" data-widget_type=\"text-editor.default\">\n\t\t\t\t<div class=\"elementor-widget-container\">\n\t\t\t\t\t\t\t\t\t<p style=\"text-align: center;\"><strong>Tel.: +420 734 495 006<\/strong><\/p>\t\t\t\t\t\t\t\t<\/div>\n\t\t\t\t<\/div>\n\t\t\t\t\t<\/div>\n\t\t\t\t<\/div>\n\t\t\t\t\t<\/div>\n\t\t\t\t<\/div>\n\t\t\t\t<\/div>\n\t\t","protected":false},"excerpt":{"rendered":"<p>Ing. Bra\u0148o Hrt\u00e1nek \u00a0Email: info@aosforex.com Tel.: +421 915 707 037 V pr\u00edpade ak\u00fdchko\u013evek ot\u00e1zok n\u00e1s bez ob\u00e1v kontaktujte.&nbsp; Na emaily reagujeme priebe\u017ene. Bu\u010fte, pros\u00edme V\u00e1s, trpezliv\u00ed. Telefonicky je Ivo k dispoz\u00edcii be\u017ene aj po\u010das d\u0148a. Bra\u0148o V\u00e1m zavol\u00e1 nesk\u00f4r nasp\u00e4\u0165. \u010eakujeme za spolupr\u00e1cu a porozumenie. Ing. Ivo Mika\u010d Email: ivo@mikac.cz Tel.: +420 734 495 006<\/p>\n","protected":false},"author":1,"featured_media":0,"parent":0,"menu_order":0,"comment_status":"closed","ping_status":"closed","template":"","meta":{"footnotes":""},"class_list":["post-2740","page","type-page","status-publish"],"_links":{"self":[{"href":"https:\/\/www.aosforex.com\/index.php?rest_route=\/wp\/v2\/pages\/2740","targetHints":{"allow":["GET"]}}],"collection":[{"href":"https:\/\/www.aosforex.com\/index.php?rest_route=\/wp\/v2\/pages"}],"about":[{"href":"https:\/\/www.aosforex.com\/index.php?rest_route=\/wp\/v2\/types\/page"}],"author":[{"embeddable":true,"href":"https:\/\/www.aosforex.com\/index.php?rest_route=\/wp\/v2\/users\/1"}],"replies":[{"embeddable":true,"href":"https:\/\/www.aosforex.com\/index.php?rest_route=%2Fwp%2Fv2%2Fcomments&post=2740"}],"version-history":[{"count":49,"href":"https:\/\/www.aosforex.com\/index.php?rest_route=\/wp\/v2\/pages\/2740\/revisions"}],"predecessor-version":[{"id":3154,"href":"https:\/\/www.aosforex.com\/index.php?rest_route=\/wp\/v2\/pages\/2740\/revisions\/3154"}],"wp:attachment":[{"href":"https:\/\/www.aosforex.com\/index.php?rest_route=%2Fwp%2Fv2%2Fmedia&parent=2740"}],"curies":[{"name":"wp","href":"https:\/\/api.w.org\/{rel}","templated":true}]}}