{"id":2695,"date":"2025-02-14T09:30:22","date_gmt":"2025-02-14T08:30:22","guid":{"rendered":"https:\/\/www.aosforex.com\/?page_id=2695"},"modified":"2025-07-27T14:51:05","modified_gmt":"2025-07-27T12:51:05","slug":"complicity","status":"publish","type":"page","link":"https:\/\/www.aosforex.com\/?page_id=2695","title":{"rendered":"Complicity"},"content":{"rendered":"\t\t<div data-elementor-type=\"wp-page\" data-elementor-id=\"2695\" class=\"elementor elementor-2695\">\n\t\t\t\t<div class=\"elementor-element elementor-element-553ce61 e-flex e-con-boxed e-con e-parent\" data-id=\"553ce61\" data-element_type=\"container\" data-e-type=\"container\">\n\t\t\t\t\t<div class=\"e-con-inner\">\n\t\t\t\t<div class=\"elementor-element elementor-element-1d5eccc elementor-widget elementor-widget-image\" data-id=\"1d5eccc\" data-element_type=\"widget\" data-e-type=\"widget\" data-widget_type=\"image.default\">\n\t\t\t\t<div class=\"elementor-widget-container\">\n\t\t\t\t\t\t\t\t\t\t\t\t\t\t\t<img fetchpriority=\"high\" decoding=\"async\" width=\"1024\" height=\"137\" src=\"https:\/\/www.aosforex.com\/wp-content\/uploads\/2025\/02\/zaklady_tradingu_obchodujte-1024x137.jpg\" class=\"attachment-large size-large wp-image-2772\" alt=\"\" srcset=\"https:\/\/www.aosforex.com\/wp-content\/uploads\/2025\/02\/zaklady_tradingu_obchodujte-1024x137.jpg 1024w, https:\/\/www.aosforex.com\/wp-content\/uploads\/2025\/02\/zaklady_tradingu_obchodujte-300x40.jpg 300w, https:\/\/www.aosforex.com\/wp-content\/uploads\/2025\/02\/zaklady_tradingu_obchodujte-768x102.jpg 768w, https:\/\/www.aosforex.com\/wp-content\/uploads\/2025\/02\/zaklady_tradingu_obchodujte-600x80.jpg 600w, https:\/\/www.aosforex.com\/wp-content\/uploads\/2025\/02\/zaklady_tradingu_obchodujte.jpg 1050w\" sizes=\"(max-width: 1024px) 100vw, 1024px\" \/>\t\t\t\t\t\t\t\t\t\t\t\t\t\t\t<\/div>\n\t\t\t\t<\/div>\n\t\t\t\t\t<\/div>\n\t\t\t\t<\/div>\n\t\t<div class=\"elementor-element elementor-element-2db67ce e-flex e-con-boxed e-con e-parent\" data-id=\"2db67ce\" data-element_type=\"container\" data-e-type=\"container\">\n\t\t\t\t\t<div class=\"e-con-inner\">\n\t\t\t\t<div class=\"elementor-element elementor-element-cd509ac elementor-widget elementor-widget-text-editor\" data-id=\"cd509ac\" data-element_type=\"widget\" data-e-type=\"widget\" data-widget_type=\"text-editor.default\">\n\t\t\t\t<div class=\"elementor-widget-container\">\n\t\t\t\t\t\t\t\t\t<p>Existuj\u00fa mo\u017enosti, ako sa k na\u0161ej obchodnej strat\u00e9gii leg\u00e1lne a bezpe\u010dne pripoji\u0165 a vyu\u017ei\u0165 tak na\u0161e znalosti o obchodovan\u00ed taktie\u017e pre seba. Pod\u013ea n\u00e1\u0161ho n\u00e1zoru je to skvel\u00e1 pr\u00edle\u017eitos\u0165, ako relat\u00edvne bezpe\u010dne ochr\u00e1ni\u0165 svoje \u00faspory pred infl\u00e1ciou a naviac ich slu\u0161ne zhodnoti\u0165.<\/p><p>Nejedn\u00e1 sa ani o pren\u00e1jom n\u00e1\u0161ho automatu, ani o predaj sign\u00e1lov alebo investi\u010dn\u00e9 rady, \u010do by bolo v rozpore s platn\u00fdmi z\u00e1konmi. Nie sme toti\u017e registrovan\u00ed brokeri, makl\u00e9ri alebo investi\u010dn\u00fd poradcovia.<\/p><p>My obchodujeme na na\u0161ich \u017eiv\u00fdch \u00fa\u010dtoch u spo\u013eahliv\u00e9ho brokera, ktor\u00fd zverej\u0148uje na z\u00e1klade zmluvy v\u00fdsledky na\u0161ej strat\u00e9gie spolu s in\u00fdmi dostupn\u00fdmi strat\u00e9giami. Nez\u00e1visl\u00ed investori (Vy) maj\u00fa n\u00e1sledne mo\u017enos\u0165 prostredn\u00edctvom garantovanej slu\u017eby pripoji\u0165 svoj kapit\u00e1l k niektor\u00fdm z t\u00fdchto strat\u00e9gii. Pripojen\u00edm potom prostriedky investora dosahuj\u00fa rovnak\u00fa v\u00fdkonnos\u0165 ako dosahuje zvolen\u00e1 strat\u00e9gia. Za t\u00fato slu\u017ebu je investorovi z dosiahnut\u00e9ho zisku strhnut\u00fd poplatok pod\u013ea podmienok jednotliv\u00fdch strat\u00e9gii.<\/p><p>Napr\u00edklad, na\u0161a strat\u00e9gia dosiahne ro\u010dn\u00e9 zhodnotenie kapit\u00e1lu 30%. Pr\u00edpadn\u00fd investor by pod\u013ea podmienok na\u0161ej strat\u00e9gie dosiahol po odpo\u010dte poplatkov ro\u010dn\u00e9 zhodnotenie kapit\u00e1lu viac ako 20%.<\/p><p>N\u00e1\u0161 automat sme vyv\u00edjali 8 rokov a pracuje na princ\u00edpe zlo\u017eitej technickej anal\u00fdzy pohybov cien na hlavn\u00fdch menov\u00fdch p\u00e1roch (menov\u00fd trh Forex). \u010cinnos\u0165 automatu neust\u00e1le monitorujeme a v pr\u00edpade potreby ru\u010dne uprav\u00edme. V\u00fdsledky, ktor\u00e9 v poslednom roku dosahujeme, s\u00fa pod\u013ea n\u00e1\u0161ho subjekt\u00edvneho hodnotenia vynikaj\u00face, \u010do m\u00f4\u017eeme vierohodne dok\u00e1za\u0165 (a pravidelne ich zverej\u0148ujeme v sekci\u00ed <a href=\"https:\/\/www.aosforex.com\/?page_id=7\" target=\"_blank\" rel=\"noopener\">V\u00fdsledky<\/a>). Nem\u00f4\u017eme v\u0161ak \u00faplne zaru\u010di\u0165, \u017ee v bud\u00facnosti bud\u00fa v\u00fdnosy rovnak\u00e9 ako doteraz, ale pravdepodobnos\u0165, \u017ee tomu tak bude je ve\u013emi vysok\u00e1.<\/p><p>V pr\u00edpade z\u00e1ujmu o spolu\u00fa\u010das\u0165 na zhodnocovan\u00ed V\u00e1\u0161ho kapit\u00e1lu pomocou Strategy Provider programu kliknite ni\u017e\u0161ie na prv\u00e9 tla\u010d\u00edtko. Otv\u00e1ra sa pred Vami mo\u017enos\u0165 ako profitova\u0165 z na\u0161ich vedomost\u00ed jednoducho a bez u\u017e\u00edvate\u013esk\u00fdch komplik\u00e1ci\u00ed. Pre investorov, ktor\u00ed s\u00fa zdatn\u00ed v ovl\u00e1dan\u00ed obchodnej platformy MT4 a maj\u00fa pr\u00edstup k nepretr\u017eite spusten\u00e9mu po\u010d\u00edta\u010du, existuje aj mo\u017enos\u0165 priameho pr\u00edstupu k n\u00e1\u0161mu programu- druh\u00e9 tla\u010d\u00edtko.<\/p>\t\t\t\t\t\t\t\t<\/div>\n\t\t\t\t<\/div>\n\t\t\t\t\t<\/div>\n\t\t\t\t<\/div>\n\t\t<div class=\"elementor-element elementor-element-11c9ed9 e-grid e-con-boxed e-con e-parent\" data-id=\"11c9ed9\" data-element_type=\"container\" data-e-type=\"container\">\n\t\t\t\t\t<div class=\"e-con-inner\">\n\t\t\t\t<div class=\"elementor-element elementor-element-883ffa7 elementor-align-center elementor-widget elementor-widget-button\" data-id=\"883ffa7\" data-element_type=\"widget\" data-e-type=\"widget\" data-widget_type=\"button.default\">\n\t\t\t\t<div class=\"elementor-widget-container\">\n\t\t\t\t\t\t\t\t\t<div class=\"elementor-button-wrapper\">\n\t\t\t\t\t<a class=\"elementor-button elementor-button-link elementor-size-sm\" href=\"https:\/\/www.aosforex.com\/?page_id=2796\">\n\t\t\t\t\t\t<span class=\"elementor-button-content-wrapper\">\n\t\t\t\t\t\t\t\t\t<span class=\"elementor-button-text\">Sprostredkovan\u00e9 obchodovanie<\/span>\n\t\t\t\t\t<\/span>\n\t\t\t\t\t<\/a>\n\t\t\t\t<\/div>\n\t\t\t\t\t\t\t\t<\/div>\n\t\t\t\t<\/div>\n\t\t\t\t<div class=\"elementor-element elementor-element-a225739 elementor-align-center elementor-widget elementor-widget-button\" data-id=\"a225739\" data-element_type=\"widget\" data-e-type=\"widget\" data-widget_type=\"button.default\">\n\t\t\t\t<div class=\"elementor-widget-container\">\n\t\t\t\t\t\t\t\t\t<div class=\"elementor-button-wrapper\">\n\t\t\t\t\t<a class=\"elementor-button elementor-button-link elementor-size-sm\" href=\"https:\/\/www.aosforex.com\/?page_id=3598\">\n\t\t\t\t\t\t<span class=\"elementor-button-content-wrapper\">\n\t\t\t\t\t\t\t\t\t<span class=\"elementor-button-text\">Samostatn\u00e9 obchodovanie<\/span>\n\t\t\t\t\t<\/span>\n\t\t\t\t\t<\/a>\n\t\t\t\t<\/div>\n\t\t\t\t\t\t\t\t<\/div>\n\t\t\t\t<\/div>\n\t\t\t\t\t<\/div>\n\t\t\t\t<\/div>\n\t\t<div class=\"elementor-element elementor-element-91b091c e-flex e-con-boxed e-con e-parent\" data-id=\"91b091c\" data-element_type=\"container\" data-e-type=\"container\">\n\t\t\t\t\t<div class=\"e-con-inner\">\n\t\t\t\t<div class=\"elementor-element elementor-element-cb18df1 elementor-widget elementor-widget-text-editor\" data-id=\"cb18df1\" data-element_type=\"widget\" data-e-type=\"widget\" data-widget_type=\"text-editor.default\">\n\t\t\t\t<div class=\"elementor-widget-container\">\n\t\t\t\t\t\t\t\t\t<p>\u00a0<\/p><p>V pr\u00edpade V\u00e1\u0161ho z\u00e1ujmu v akejko\u013evek z mo\u017enost\u00ed vy\u0161\u0161ie n\u00e1s nev\u00e1hajte kontaktova\u0165. Sme pripraven\u00ed zodpoveda\u0165 v\u0161etky Va\u0161e dotazy, na ktor\u00e9 pr\u00edpadne nen\u00e1jdete odpovede na t\u00fdchto str\u00e1nkach.<\/p>\t\t\t\t\t\t\t\t<\/div>\n\t\t\t\t<\/div>\n\t\t\t\t\t<\/div>\n\t\t\t\t<\/div>\n\t\t\t\t<\/div>\n\t\t","protected":false},"excerpt":{"rendered":"<p>Existuj\u00fa mo\u017enosti, ako sa k na\u0161ej obchodnej strat\u00e9gii leg\u00e1lne a bezpe\u010dne pripoji\u0165 a vyu\u017ei\u0165 tak na\u0161e znalosti o obchodovan\u00ed taktie\u017e pre seba. Pod\u013ea n\u00e1\u0161ho n\u00e1zoru je to skvel\u00e1 pr\u00edle\u017eitos\u0165, ako relat\u00edvne bezpe\u010dne ochr\u00e1ni\u0165 svoje \u00faspory pred infl\u00e1ciou a naviac ich slu\u0161ne zhodnoti\u0165. Nejedn\u00e1 sa ani o pren\u00e1jom n\u00e1\u0161ho automatu, ani o predaj sign\u00e1lov alebo investi\u010dn\u00e9 &#8230; <a title=\"Complicity\" class=\"read-more\" href=\"https:\/\/www.aosforex.com\/?page_id=2695\" aria-label=\"Pre\u010d\u00edtajte si viac o Complicity\">\u010c\u00edta\u0165 viac<\/a><\/p>\n","protected":false},"author":1,"featured_media":0,"parent":0,"menu_order":0,"comment_status":"closed","ping_status":"closed","template":"","meta":{"footnotes":""},"class_list":["post-2695","page","type-page","status-publish"],"_links":{"self":[{"href":"https:\/\/www.aosforex.com\/index.php?rest_route=\/wp\/v2\/pages\/2695","targetHints":{"allow":["GET"]}}],"collection":[{"href":"https:\/\/www.aosforex.com\/index.php?rest_route=\/wp\/v2\/pages"}],"about":[{"href":"https:\/\/www.aosforex.com\/index.php?rest_route=\/wp\/v2\/types\/page"}],"author":[{"embeddable":true,"href":"https:\/\/www.aosforex.com\/index.php?rest_route=\/wp\/v2\/users\/1"}],"replies":[{"embeddable":true,"href":"https:\/\/www.aosforex.com\/index.php?rest_route=%2Fwp%2Fv2%2Fcomments&post=2695"}],"version-history":[{"count":91,"href":"https:\/\/www.aosforex.com\/index.php?rest_route=\/wp\/v2\/pages\/2695\/revisions"}],"predecessor-version":[{"id":3665,"href":"https:\/\/www.aosforex.com\/index.php?rest_route=\/wp\/v2\/pages\/2695\/revisions\/3665"}],"wp:attachment":[{"href":"https:\/\/www.aosforex.com\/index.php?rest_route=%2Fwp%2Fv2%2Fmedia&parent=2695"}],"curies":[{"name":"wp","href":"https:\/\/api.w.org\/{rel}","templated":true}]}}